{"id":1637,"date":"2017-10-23T08:53:18","date_gmt":"2017-10-23T08:53:18","guid":{"rendered":"https:\/\/www.calidus.ae\/home\/"},"modified":"2025-08-18T06:29:29","modified_gmt":"2025-08-18T06:29:29","slug":"home","status":"publish","type":"page","link":"https:\/\/www.calidus.ae\/fr\/","title":{"rendered":"Home"},"content":{"rendered":"<div class=\"wpb-content-wrapper\"><p>[vc_row full_height=\u00a0\u00bbyes\u00a0\u00bb el_id=\u00a0\u00bbhome-banner\u00a0\u00bb][vc_column]\n\t\t\t\t<p class=\"rs-p-wp-fix\"><\/p>\n\t\t\t\t<sr7-module data-alias=\"home-banner-12\" data-id=\"10\" id=\"SR7_10_1\" class=\"rs-ov-hidden\" data-version=\"6.7.27\">\n\t\t\t\t\t<sr7-adjuster><\/sr7-adjuster>\n\t\t\t\t\t<sr7-content>\n\t\t\t\t\t\t<sr7-slide id=\"SR7_10_1-21\" data-key=\"21\">\n\t\t\t\t\t\t\t<sr7-txt id=\"SR7_10_1-21-0\" class=\"sr7-layer\">INNOVATIONS PR\u00caTES <br \/>\nPOUR LA MISSION<br \/>\n<\/sr7-txt>\n\t\t\t\t\t\t\t<a id=\"SR7_10_1-21-1\" class=\"sr7-layer\" href=\"\/fr\/solutions\" target=\"_self\">EN SAVOIR PLUS <i class=\"vc_btn3-icon vc-material vc-material-arrow_forward\"><\/i><\/a>\n\t\t\t\t\t\t<\/sr7-slide>\n\t\t\t\t\t\t<sr7-slide id=\"SR7_10_1-22\" data-key=\"22\">\n\t\t\t\t\t\t<\/sr7-slide>\n\t\t\t\t\t<\/sr7-content>\n\t\t\t\t<\/sr7-module>\n\t\t\t\t<script>\n\t\t\t\t\tSR7.PMH ??={}; SR7.PMH[\"SR7_10_1\"] = {cn:100,state:false,fn: function() { if (_tpt!==undefined && _tpt.prepareModuleHeight !== undefined) {  _tpt.prepareModuleHeight({id:\"SR7_10_1\",el:[650,650,650,650,500],type:'standard',shdw:'0',gh:[650,650,650,650,500],gw:[1240,1240,1240,1240,480],vpt:['-100px&#039;,&#039;-100px&#039;,&#039;-100px&#039;,&#039;-100px&#039;,&#039;-100px'],size:{fullWidth:true, fullHeight:true},fho:'',mh:'0',onh:0,onw:0,bg:{color:'{\"orig\":\"transparent\",\"type\":\"solid\",\"string\":\"transparent\"}'}});   SR7.PMH[\"SR7_10_1\"].state=true;} else if(SR7.PMH[\"SR7_10_1\"].cn-->0)\tsetTimeout( SR7.PMH[\"SR7_10_1\"].fn,19);}};SR7.PMH[\"SR7_10_1\" ].fn();\n\t\t\t\t<\/script>\n[\/vc_column][\/vc_row][vc_row full_height=\u00a0\u00bbyes\u00a0\u00bb content_placement=\u00a0\u00bbmiddle\u00a0\u00bb css_animation=\u00a0\u00bbslideInLeft\u00a0\u00bb el_class=\u00a0\u00bbcustom-full-width text-enlarge intro-section\u00a0\u00bb][vc_column][vc_row_inner][vc_column_inner el_class=\u00a0\u00bbhide-on-mobile\u00a0\u00bb width=\u00a0\u00bb1\/6&Prime;][\/vc_column_inner][vc_column_inner el_class=\u00a0\u00bbtext-enlarge wrap-80&Prime; width=\u00a0\u00bb2\/3&Prime;][vc_single_image image=\u00a0\u00bb395&Prime; img_size=\u00a0\u00bbfull\u00a0\u00bb alignment=\u00a0\u00bbcenter\u00a0\u00bb css=\u00a0\u00bb\u00a0\u00bb el_class=\u00a0\u00bbbullet-xl\u00a0\u00bb][vc_column_text css=\u00a0\u00bb\u00a0\u00bb]<\/p>\n<p style=\"text-align: center;\"><span style=\"font-weight: 400;\">Chez CALIDUS, nous fournissons des syst\u00e8mes de d\u00e9fense a\u00e9ronautique et terrestre qui am\u00e9liorent la mobilit\u00e9, la maniabilit\u00e9, la protection et la puissance de feu afin d&rsquo;assurer des performances in\u00e9gal\u00e9es sur le champ de bataille.<\/span><\/p>\n<p>[\/vc_column_text][\/vc_column_inner][vc_column_inner el_class=\u00a0\u00bbhide-on-mobile\u00a0\u00bb width=\u00a0\u00bb1\/6&Prime;][\/vc_column_inner][\/vc_row_inner][\/vc_column][\/vc_row][vc_row full_height=\u00a0\u00bbyes\u00a0\u00bb equal_height=\u00a0\u00bbyes\u00a0\u00bb css_animation=\u00a0\u00bbslideInRight\u00a0\u00bb css=\u00a0\u00bb.vc_custom_1739791858243{padding-top: 2rem !important;padding-bottom: 2rem !important;}\u00a0\u00bb el_class=\u00a0\u00bbswap-on-mobile gap-7&Prime;][vc_column width=\u00a0\u00bb1\/2&Prime; el_class=\u00a0\u00bbitem-vertical-center remove-margin\u00a0\u00bb css=\u00a0\u00bb.vc_custom_1738479036094{margin-right: 8% !important;}\u00a0\u00bb][vc_custom_heading text=\u00a0\u00bbPourquoi choisir Calidus pour les solutions de d\u00e9fense et de technologie?\u00a0\u00bb font_container=\u00a0\u00bbtag:h2|font_size:2.625rem|text_align:left|line_height:2.9375rem\u00a0\u00bb use_theme_fonts=\u00a0\u00bbyes\u00a0\u00bb css=\u00a0\u00bb\u00a0\u00bb][vc_empty_space height=\u00a0\u00bb1.5rem\u00a0\u00bb el_class=\u00a0\u00bbtitle-para-space\u00a0\u00bb][vc_column_text css=\u00a0\u00bb\u00a0\u00bb]<span style=\"font-weight: 400;\">Calidus a \u00e9t\u00e9 fond\u00e9e \u00e0 Abou Dhabi en 2015. En tant qu&rsquo;entreprise de d\u00e9veloppement technologique et de fabrication, nous nous effor\u00e7ons de fournir des solutions de d\u00e9fense a\u00e9ronautique et terrestre de nouvelle g\u00e9n\u00e9ration.<\/span>[\/vc_column_text][vc_empty_space height=\u00a0\u00bb1.8rem\u00a0\u00bb el_class=\u00a0\u00bbpara-button-space\u00a0\u00bb][vc_btn title=\u00a0\u00bbEN SAVOIR PLUS\u00a0\u00bb shape=\u00a0\u00bbround\u00a0\u00bb i_align=\u00a0\u00bbright\u00a0\u00bb i_type=\u00a0\u00bbmaterial\u00a0\u00bb i_icon_material=\u00a0\u00bbvc-material vc-material-arrow_forward\u00a0\u00bb css=\u00a0\u00bb\u00a0\u00bb add_icon=\u00a0\u00bbtrue\u00a0\u00bb link=\u00a0\u00bburl:https%3A%2F%2Fwww.calidus.ae%2Ffr%2Fwhat-we-do%2F|title:What%20we%20do\u00a0\u00bb el_class=\u00a0\u00bbmain-btn\u00a0\u00bb][vc_empty_space height=\u00a0\u00bb5rem\u00a0\u00bb el_class=\u00a0\u00bbhide-on-desktop\u00a0\u00bb][\/vc_column][vc_column width=\u00a0\u00bb1\/2&Prime; awb_type=\u00a0\u00bbvideo\u00a0\u00bb awb_video_mobile=\u00a0\u00bb1&Prime; awb_video_always_play=\u00a0\u00bb1&Prime; awb_video_mp4=\u00a0\u00bb1467&Prime; el_class=\u00a0\u00bbcurved-video\u00a0\u00bb][vc_empty_space height=\u00a0\u00bb80vh\u00a0\u00bb el_class=\u00a0\u00bbvideo-helper\u00a0\u00bb][\/vc_column][\/vc_row][vc_row content_placement=\u00a0\u00bbtop\u00a0\u00bb css_animation=\u00a0\u00bbnone\u00a0\u00bb el_class=\u00a0\u00bbthree-bi-two\u00a0\u00bb][vc_column][vc_row_inner content_placement=\u00a0\u00bbtop\u00a0\u00bb el_class=\u00a0\u00bbswap-on-mobile\u00a0\u00bb][vc_column_inner el_class=\u00a0\u00bbleft-side\u00a0\u00bb width=\u00a0\u00bb1\/2&Prime; css=\u00a0\u00bb.vc_custom_1739260993519{background-color: #FF000000 !important;}\u00a0\u00bb][vc_hoverbox primary_title=\u00a0\u00bbA\u00c9ROSPATIAL\u00a0\u00bb primary_align=\u00a0\u00bbleft\u00a0\u00bb hover_title=\u00a0\u00bbA\u00c9ROSPATIAL\u00a0\u00bb hover_align=\u00a0\u00bbleft\u00a0\u00bb hover_background_color=\u00a0\u00bbcustom\u00a0\u00bb align=\u00a0\u00bbleft\u00a0\u00bb hover_btn_title=\u00a0\u00bbEn savoir plus\u00a0\u00bb hover_btn_style=\u00a0\u00bbcustom\u00a0\u00bb hover_btn_custom_background=\u00a0\u00bb#D9D9D9&Prime; hover_btn_custom_text=\u00a0\u00bb#000000&Prime; hover_btn_i_align=\u00a0\u00bbright\u00a0\u00bb hover_btn_i_type=\u00a0\u00bbmaterial\u00a0\u00bb hover_btn_i_icon_material=\u00a0\u00bbvc-material vc-material-arrow_forward\u00a0\u00bb css_animation=\u00a0\u00bbfadeIn\u00a0\u00bb hover_add_button=\u00a0\u00bbtrue\u00a0\u00bb reverse=\u00a0\u00bbtrue\u00a0\u00bb hover_btn_add_icon=\u00a0\u00bbtrue\u00a0\u00bb hover_custom_background=\u00a0\u00bb#EBEBEB0D\u00a0\u00bb css=\u00a0\u00bb.vc_custom_1745392563879{background-image: url(https:\/\/www.calidus.ae\/wp-content\/uploads\/2025\/02\/aerospace-card.webp?id=1220) !important;background-position: center !important;background-repeat: no-repeat !important;background-size: cover !important;}\u00a0\u00bb hover_btn_link=\u00a0\u00bburl:https%3A%2F%2Fwww.calidus.ae%2Ffr%2Faerospace-solutions%2F|title:Hello%20world!\u00a0\u00bb hover_btn_el_class=\u00a0\u00bbtheme-button\u00a0\u00bb el_class=\u00a0\u00bbaerospace-hovr\u00a0\u00bb]<\/p>\n<p style=\"text-align: left;\"><span style=\"font-weight: 400;\">Calidus Aerospace produit des syst\u00e8mes et des solutions a\u00e9rospatiaux de pointe avec des capacit\u00e9s de premier plan \u00e0 l\u2019\u00e9chelle mondiale.<\/span><\/p>\n<p>[\/vc_hoverbox][vc_empty_space height=\u00a0\u00bb2rem\u00a0\u00bb][vc_hoverbox primary_title=\u00a0\u00bbMISSILES\u00a0\u00bb primary_align=\u00a0\u00bbleft\u00a0\u00bb hover_title=\u00a0\u00bbMISSILES\u00a0\u00bb hover_align=\u00a0\u00bbleft\u00a0\u00bb hover_background_color=\u00a0\u00bbcustom\u00a0\u00bb align=\u00a0\u00bbleft\u00a0\u00bb hover_btn_title=\u00a0\u00bbEn savoir plus\u00a0\u00bb hover_btn_style=\u00a0\u00bbcustom\u00a0\u00bb hover_btn_custom_background=\u00a0\u00bb#D9D9D9&Prime; hover_btn_custom_text=\u00a0\u00bb#000000&Prime; hover_btn_i_align=\u00a0\u00bbright\u00a0\u00bb hover_btn_i_type=\u00a0\u00bbmaterial\u00a0\u00bb hover_btn_i_icon_material=\u00a0\u00bbvc-material vc-material-arrow_forward\u00a0\u00bb css_animation=\u00a0\u00bbfadeIn\u00a0\u00bb hover_add_button=\u00a0\u00bbtrue\u00a0\u00bb reverse=\u00a0\u00bbtrue\u00a0\u00bb hover_btn_add_icon=\u00a0\u00bbtrue\u00a0\u00bb hover_custom_background=\u00a0\u00bb#EBEBEB0D\u00a0\u00bb css=\u00a0\u00bb.vc_custom_1745392574481{background-image: url(https:\/\/www.calidus.ae\/wp-content\/uploads\/2025\/02\/missile.webp?id=855) !important;background-position: center !important;background-repeat: no-repeat !important;background-size: cover !important;}\u00a0\u00bb hover_btn_el_class=\u00a0\u00bbtheme-button\u00a0\u00bb hover_btn_link=\u00a0\u00bburl:https%3A%2F%2Fwww.calidus.ae%2Ffr%2Fmissiles%2F|title:Missiles\u00a0\u00bb el_class=\u00a0\u00bbmissile-hover\u00a0\u00bb]<\/p>\n<p style=\"text-align: left;\"><span style=\"font-weight: 400;\">Le p\u00f4le Missile et Syst\u00e8mes de D\u00e9fense (MDS) de Calidus s\u2019engage \u00e0 fournir des solutions de d\u00e9fense de pointe qui red\u00e9finissent la s\u00e9curit\u00e9, la s\u00fbret\u00e9 et la sup\u00e9riorit\u00e9 op\u00e9rationnelle.<\/span><\/p>\n<p>[\/vc_hoverbox][vc_empty_space height=\u00a0\u00bb1rem\u00a0\u00bb el_class=\u00a0\u00bbhide-on-desktop\u00a0\u00bb][vc_column_text css=\u00a0\u00bb.vc_custom_1744006363812{margin-bottom: 0px !important;margin-left: 8% !important;}\u00a0\u00bb el_class=\u00a0\u00bbtext-enlarge hide-on-desktop\u00a0\u00bb]<\/p>\n<p style=\"text-align: right;\"><span style=\"font-weight: 400;\">Des syst\u00e8mes a\u00e9ronautiques de pointe aux technologies terrestres de d\u00e9fense avanc\u00e9es, Calidus propose des innovations fiables, \u00e9conomiques et ax\u00e9es sur la mission.<\/span><\/p>\n<p>[\/vc_column_text][vc_btn title=\u00a0\u00bbEN SAVOIR PLUS\u00a0\u00bb shape=\u00a0\u00bbround\u00a0\u00bb i_align=\u00a0\u00bbright\u00a0\u00bb i_type=\u00a0\u00bbmaterial\u00a0\u00bb i_icon_material=\u00a0\u00bbvc-material vc-material-arrow_forward\u00a0\u00bb css=\u00a0\u00bb.vc_custom_1744288934177{margin-top: 2rem !important;}\u00a0\u00bb add_icon=\u00a0\u00bbtrue\u00a0\u00bb link=\u00a0\u00bburl:https%3A%2F%2Fwww.calidus.ae%2Ffr%2Fsolutions%2F|title:Solutions\u00a0\u00bb el_class=\u00a0\u00bbhide-on-desktop main-btn\u00a0\u00bb][\/vc_column_inner][vc_column_inner el_class=\u00a0\u00bbright-side\u00a0\u00bb width=\u00a0\u00bb1\/2&Prime; el_id=\u00a0\u00bbright-column\u00a0\u00bb][vc_custom_heading text=\u00a0\u00bbNos innovations\u00a0\u00bb font_container=\u00a0\u00bbtag:h2|text_align:right\u00a0\u00bb use_theme_fonts=\u00a0\u00bbyes\u00a0\u00bb css=\u00a0\u00bb\u00a0\u00bb el_class=\u00a0\u00bbmove-title-right add-bullet-right-m\u00a0\u00bb][vc_empty_space height=\u00a0\u00bb13rem\u00a0\u00bb el_class=\u00a0\u00bbhide-on-mobile\u00a0\u00bb][vc_empty_space height=\u00a0\u00bb1rem\u00a0\u00bb el_class=\u00a0\u00bbhide-on-desktop\u00a0\u00bb][vc_hoverbox primary_title=\u00a0\u00bbV\u00c9HICULES TERRESTRES\u00a0\u00bb primary_align=\u00a0\u00bbleft\u00a0\u00bb hover_title=\u00a0\u00bbV\u00c9HICULES TERRESTRES\u00a0\u00bb hover_align=\u00a0\u00bbright\u00a0\u00bb hover_background_color=\u00a0\u00bbcustom\u00a0\u00bb align=\u00a0\u00bbleft\u00a0\u00bb hover_btn_title=\u00a0\u00bbEn savoir plus\u00a0\u00bb hover_btn_style=\u00a0\u00bbcustom\u00a0\u00bb hover_btn_custom_background=\u00a0\u00bb#D9D9D9&Prime; hover_btn_custom_text=\u00a0\u00bb#000000&Prime; hover_btn_i_align=\u00a0\u00bbright\u00a0\u00bb hover_btn_i_type=\u00a0\u00bbmaterial\u00a0\u00bb hover_btn_i_icon_material=\u00a0\u00bbvc-material vc-material-arrow_forward\u00a0\u00bb css_animation=\u00a0\u00bbfadeIn\u00a0\u00bb hover_add_button=\u00a0\u00bbtrue\u00a0\u00bb reverse=\u00a0\u00bbtrue\u00a0\u00bb hover_btn_add_icon=\u00a0\u00bbtrue\u00a0\u00bb hover_custom_background=\u00a0\u00bb#EBEBEB0D\u00a0\u00bb css=\u00a0\u00bb.vc_custom_1745392586696{background-image: url(https:\/\/www.calidus.ae\/wp-content\/uploads\/2025\/02\/landvehicle-card.webp?id=1222) !important;background-position: center !important;background-repeat: no-repeat !important;background-size: cover !important;}\u00a0\u00bb hover_btn_link=\u00a0\u00bburl:https%3A%2F%2Fwww.calidus.ae%2Ffr%2Fland-solutions%2F|title:Land%20Solutions|\u00a0\u00bb hover_btn_el_class=\u00a0\u00bbtheme-button\u00a0\u00bb el_class=\u00a0\u00bbland-hover\u00a0\u00bb]<\/p>\n<p style=\"text-align: right;\">Calidus fournit des v\u00e9hicules terrestres et des sous-syst\u00e8mes associ\u00e9s con\u00e7us pour am\u00e9liorer la mobilit\u00e9, la protection et l\u2019efficacit\u00e9 op\u00e9rationnelle dans divers environnements de mission.<\/p>\n<p>[\/vc_hoverbox][vc_empty_space height=\u00a0\u00bb5rem\u00a0\u00bb el_class=\u00a0\u00bbhide-on-mobile\u00a0\u00bb][vc_column_text css=\u00a0\u00bb.vc_custom_1744006447140{margin-bottom: 0px !important;margin-left: 8% !important;}\u00a0\u00bb el_class=\u00a0\u00bbtext-enlarge hide-on-mobile\u00a0\u00bb]<\/p>\n<p style=\"text-align: right;\">Des syst\u00e8mes a\u00e9ronautiques de pointe aux technologies terrestres de d\u00e9fense avanc\u00e9es, Calidus propose des innovations fiables, \u00e9conomiques et ax\u00e9es sur la mission.<\/p>\n<p>[\/vc_column_text][vc_btn title=\u00a0\u00bbEN SAVOIR PLUS\u00a0\u00bb shape=\u00a0\u00bbround\u00a0\u00bb i_align=\u00a0\u00bbright\u00a0\u00bb i_type=\u00a0\u00bbmaterial\u00a0\u00bb i_icon_material=\u00a0\u00bbvc-material vc-material-arrow_forward\u00a0\u00bb css=\u00a0\u00bb.vc_custom_1744288943154{margin-top: 2rem !important;}\u00a0\u00bb add_icon=\u00a0\u00bbtrue\u00a0\u00bb link=\u00a0\u00bburl:https%3A%2F%2Fwww.calidus.ae%2Ffr%2Fsolutions%2F|title:Solutions\u00a0\u00bb el_class=\u00a0\u00bbhide-on-mobile main-btn\u00a0\u00bb][\/vc_column_inner][\/vc_row_inner][\/vc_column][\/vc_row][vc_row full_width=\u00a0\u00bbstretch_row\u00a0\u00bb content_placement=\u00a0\u00bbmiddle\u00a0\u00bb css_animation=\u00a0\u00bbfadeIn\u00a0\u00bb el_id=\u00a0\u00bbour-core-principle\u00a0\u00bb][vc_column][vc_empty_space height=\u00a0\u00bb9rem\u00a0\u00bb][vc_row_inner equal_height=\u00a0\u00bbyes\u00a0\u00bb content_placement=\u00a0\u00bbmiddle\u00a0\u00bb][vc_column_inner width=\u00a0\u00bb1\/2&Prime; css=\u00a0\u00bb.vc_custom_1741758202277{background-position: center !important;background-repeat: no-repeat !important;background-size: cover !important;}\u00a0\u00bb][vc_custom_heading text=\u00a0\u00bbNotre principe fondamental\u00a0\u00bb use_theme_fonts=\u00a0\u00bbyes\u00a0\u00bb css=\u00a0\u00bb\u00a0\u00bb el_class=\u00a0\u00bbmove-title-left add-bullet-left-m\u00a0\u00bb][vc_empty_space height=\u00a0\u00bb32rem\u00a0\u00bb el_class=\u00a0\u00bbhide-on-mobile\u00a0\u00bb][vc_empty_space height=\u00a0\u00bb8rem\u00a0\u00bb el_class=\u00a0\u00bbhide-on-desktop\u00a0\u00bb][vc_column_text css=\u00a0\u00bb.vc_custom_1744006535433{margin-bottom: 0px !important;margin-left: 0px !important;}\u00a0\u00bb el_class=\u00a0\u00bbtext-enlarge hide-on-desktop\u00a0\u00bb]<\/p>\n<p style=\"text-align: left;\"><span style=\"font-weight: 400;\">L\u2019excellence \u00e0 travers la diversit\u00e9, les partenariats et la qualit\u00e9<\/span><\/p>\n<p>[\/vc_column_text][vc_empty_space height=\u00a0\u00bb2rem\u00a0\u00bb][vc_column_text css=\u00a0\u00bb\u00a0\u00bb el_class=\u00a0\u00bbhide-on-desktop\u00a0\u00bb]<span style=\"font-weight: 400;\">Notre succ\u00e8s repose sur la force de notre personnel diversifi\u00e9 et responsabilis\u00e9, un engagement envers le travail d\u2019\u00e9quipe qui stimule l\u2019innovation et l\u2019excellence op\u00e9rationnelle, ainsi que sur des partenariats solides qui privil\u00e9gient la s\u00e9curit\u00e9, la qualit\u00e9 et la responsabilit\u00e9 environnementale.<\/span>[\/vc_column_text][\/vc_column_inner][vc_column_inner el_class=\u00a0\u00bbhide-on-mobile\u00a0\u00bb width=\u00a0\u00bb1\/2&Prime;][vc_column_text css=\u00a0\u00bb.vc_custom_1744006566167{margin-bottom: 0px !important;margin-left: 0px !important;}\u00a0\u00bb el_class=\u00a0\u00bbtext-enlarge\u00a0\u00bb]<\/p>\n<p style=\"text-align: left;\"><span style=\"font-weight: 400;\">L\u2019excellence \u00e0 travers la diversit\u00e9, les partenariats et la qualit\u00e9<\/span><\/p>\n<p>[\/vc_column_text][vc_empty_space height=\u00a0\u00bb2rem\u00a0\u00bb][vc_column_text css=\u00a0\u00bb\u00a0\u00bb]<span style=\"font-weight: 400;\">Notre succ\u00e8s repose sur la force de notre personnel diversifi\u00e9 et responsabilis\u00e9, un engagement envers le travail d\u2019\u00e9quipe qui stimule l\u2019innovation et l\u2019excellence op\u00e9rationnelle, ainsi que sur des partenariats solides qui privil\u00e9gient la s\u00e9curit\u00e9, la qualit\u00e9 et la responsabilit\u00e9 environnementale.<\/span>[\/vc_column_text][\/vc_column_inner][\/vc_row_inner][vc_empty_space height=\u00a0\u00bb3rem\u00a0\u00bb][\/vc_column][\/vc_row][vc_row full_height=\u00a0\u00bbyes\u00a0\u00bb css_animation=\u00a0\u00bbfadeIn\u00a0\u00bb disable_element=\u00a0\u00bbyes\u00a0\u00bb][vc_column][vc_column_text css=\u00a0\u00bb\u00a0\u00bb]\n    <div class=\"swiper-container\">\n        <div class=\"swiper-wrapper\">\n                            <p>No posts found.<\/p>\n                                <\/div>\n        <!-- Navigation Buttons -->\n        <div class=\"swiper-button-prev-c\"><i class=\"vc_btn3-icon vc-material vc-material-arrow_back\"><\/i><\/div>\n        <div class=\"swiper-button-next-c\"><i class=\"vc_btn3-icon vc-material vc-material-arrow_forward\"><\/i><\/div>\n        <!-- Pagination -->\n        <div class=\"swiper-pagination\"><\/div>\n    <\/div>\n    [\/vc_column_text][\/vc_column][\/vc_row][vc_row full_width=\u00a0\u00bbstretch_row\u00a0\u00bb full_height=\u00a0\u00bbyes\u00a0\u00bb awb_type=\u00a0\u00bbimage\u00a0\u00bb awb_image_background_position=\u00a0\u00bb50% 50%\u00a0\u00bb awb_color=\u00a0\u00bb#00000052&Prime; el_class=\u00a0\u00bbbg-parent-container\u00a0\u00bb awb_image=\u00a0\u00bb2368&Prime; el_id=\u00a0\u00bbfooter-bg\u00a0\u00bb][vc_column][vc_row_inner][vc_column_inner el_class=\u00a0\u00bbblock-1&Prime; width=\u00a0\u00bb1\/4&Prime;][\/vc_column_inner][vc_column_inner width=\u00a0\u00bb1\/2&Prime;][\/vc_column_inner][vc_column_inner el_class=\u00a0\u00bbblock-2&Prime; width=\u00a0\u00bb1\/4&Prime;][vc_column_text css=\u00a0\u00bb\u00a0\u00bb]<\/p>\n<p style=\"text-align: right;\">Un avion d&rsquo;entra\u00eenement moderne offrant polyvalence et haute performance.<\/p>\n<p>[\/vc_column_text][\/vc_column_inner][\/vc_row_inner][vc_row_inner][vc_column_inner el_class=\u00a0\u00bbtext-enlarge block-3&Prime; width=\u00a0\u00bb1\/4&Prime;][vc_column_text css=\u00a0\u00bb\u00a0\u00bb]Favoriser<br \/>\ndes solutions<br \/>\nde d\u00e9fense<br \/>\ninnovantes[\/vc_column_text][\/vc_column_inner][vc_column_inner width=\u00a0\u00bb1\/2&Prime;][\/vc_column_inner][vc_column_inner el_class=\u00a0\u00bbblock-4&Prime; width=\u00a0\u00bb1\/4&Prime;][\/vc_column_inner][\/vc_row_inner][\/vc_column][\/vc_row]<\/p>\n<\/div>","protected":false},"excerpt":{"rendered":"<p>[vc_row full_height=\u00a0\u00bbyes\u00a0\u00bb el_id=\u00a0\u00bbhome-banner\u00a0\u00bb][vc_column][\/vc_column][\/vc_row][vc_row full_height=\u00a0\u00bbyes\u00a0\u00bb content_placement=\u00a0\u00bbmiddle\u00a0\u00bb css_animation=\u00a0\u00bbslideInLeft\u00a0\u00bb el_class=\u00a0\u00bbcustom-full-width text-enlarge intro-section\u00a0\u00bb][vc_column][vc_row_inner][vc_column_inner el_class=\u00a0\u00bbhide-on-mobile\u00a0\u00bb width=\u00a0\u00bb1\/6&Prime;][\/vc_column_inner][vc_column_inner el_class=\u00a0\u00bbtext-enlarge wrap-80&Prime; width=\u00a0\u00bb2\/3&Prime;][vc_single_image image=\u00a0\u00bb395&Prime; img_size=\u00a0\u00bbfull\u00a0\u00bb alignment=\u00a0\u00bbcenter\u00a0\u00bb css=\u00a0\u00bb\u00a0\u00bb el_class=\u00a0\u00bbbullet-xl\u00a0\u00bb][vc_column_text css=\u00a0\u00bb\u00a0\u00bb] Chez CALIDUS, nous fournissons des syst\u00e8mes de d\u00e9fense a\u00e9ronautique et terrestre qui am\u00e9liorent la mobilit\u00e9, la maniabilit\u00e9, la protection et la puissance de feu afin d&rsquo;assurer des performances in\u00e9gal\u00e9es sur le champ de bataille. [\/vc_column_text][\/vc_column_inner][vc_column_inner [&hellip;]<\/p>\n","protected":false},"author":1,"featured_media":0,"parent":0,"menu_order":0,"comment_status":"closed","ping_status":"closed","template":"","meta":{"_acf_changed":false,"inline_featured_image":false,"footnotes":""},"class_list":["post-1637","page","type-page","status-publish","hentry"],"acf":[],"_links":{"self":[{"href":"https:\/\/www.calidus.ae\/fr\/wp-json\/wp\/v2\/pages\/1637","targetHints":{"allow":["GET"]}}],"collection":[{"href":"https:\/\/www.calidus.ae\/fr\/wp-json\/wp\/v2\/pages"}],"about":[{"href":"https:\/\/www.calidus.ae\/fr\/wp-json\/wp\/v2\/types\/page"}],"author":[{"embeddable":true,"href":"https:\/\/www.calidus.ae\/fr\/wp-json\/wp\/v2\/users\/1"}],"replies":[{"embeddable":true,"href":"https:\/\/www.calidus.ae\/fr\/wp-json\/wp\/v2\/comments?post=1637"}],"version-history":[{"count":23,"href":"https:\/\/www.calidus.ae\/fr\/wp-json\/wp\/v2\/pages\/1637\/revisions"}],"predecessor-version":[{"id":2493,"href":"https:\/\/www.calidus.ae\/fr\/wp-json\/wp\/v2\/pages\/1637\/revisions\/2493"}],"wp:attachment":[{"href":"https:\/\/www.calidus.ae\/fr\/wp-json\/wp\/v2\/media?parent=1637"}],"curies":[{"name":"wp","href":"https:\/\/api.w.org\/{rel}","templated":true}]}}