{"id":1657,"date":"2025-02-10T06:46:00","date_gmt":"2025-02-10T06:46:00","guid":{"rendered":"https:\/\/www.calidus.ae\/what-we-do\/"},"modified":"2025-08-26T11:29:13","modified_gmt":"2025-08-26T11:29:13","slug":"what-we-do","status":"publish","type":"page","link":"https:\/\/www.calidus.ae\/fr\/what-we-do\/","title":{"rendered":"What we do"},"content":{"rendered":"<div class=\"wpb-content-wrapper\"><p>[vc_row full_width=\u00a0\u00bbstretch_row\u00a0\u00bb full_height=\u00a0\u00bbyes\u00a0\u00bb css_animation=\u00a0\u00bbzoomIn\u00a0\u00bb awb_type=\u00a0\u00bbimage\u00a0\u00bb awb_image_background_position=\u00a0\u00bb50% 50%\u00a0\u00bb awb_color=\u00a0\u00bb#0000004F\u00a0\u00bb awb_image=\u00a0\u00bb2485&Prime; el_id=\u00a0\u00bbhome-banner\u00a0\u00bb][vc_column][vc_custom_heading text=\u00a0\u00bbRENFORCER LA D\u00c9FENSE MONDIALE\u00a0\u00bb font_container=\u00a0\u00bbtag:h2|font_size:82px|text_align:center|color:%23FFFFFF\u00a0\u00bb google_fonts=\u00a0\u00bbfont_family:Raleway%3A100%2C200%2C300%2Cregular%2C500%2C600%2C700%2C800%2C900|font_style:600%20bold%20regular%3A600%3Anormal\u00a0\u00bb css=\u00a0\u00bb\u00a0\u00bb][\/vc_column][\/vc_row][vc_row content_placement=\u00a0\u00bbmiddle\u00a0\u00bb css_animation=\u00a0\u00bbfadeInLeft\u00a0\u00bb el_class=\u00a0\u00bbcustom-full-width text-enlarge intro-section\u00a0\u00bb][vc_column][vc_empty_space height=\u00a0\u00bb15rem\u00a0\u00bb el_class=\u00a0\u00bbhide-on-mobile\u00a0\u00bb][vc_empty_space height=\u00a0\u00bb8rem\u00a0\u00bb el_class=\u00a0\u00bbhide-on-desktop\u00a0\u00bb][vc_row_inner][vc_column_inner el_class=\u00a0\u00bbhide-on-mobile\u00a0\u00bb width=\u00a0\u00bb1\/6&Prime;][\/vc_column_inner][vc_column_inner el_class=\u00a0\u00bbtext-enlarge wrap-80&Prime; width=\u00a0\u00bb2\/3&Prime;][vc_single_image image=\u00a0\u00bb395&Prime; img_size=\u00a0\u00bbfull\u00a0\u00bb alignment=\u00a0\u00bbcenter\u00a0\u00bb css=\u00a0\u00bb\u00a0\u00bb el_class=\u00a0\u00bbbullet-xl\u00a0\u00bb][vc_column_text css=\u00a0\u00bb\u00a0\u00bb]<\/p>\n<p style=\"text-align: center;\">D\u00e9velopper des solutions de d\u00e9fense modernes pour red\u00e9finir la s\u00e9curit\u00e9 et la protection en vue d\u2019un avenir s\u00fbr.<\/p>\n<p>[\/vc_column_text][\/vc_column_inner][vc_column_inner el_class=\u00a0\u00bbhide-on-mobile\u00a0\u00bb width=\u00a0\u00bb1\/6&Prime;][\/vc_column_inner][\/vc_row_inner][vc_empty_space height=\u00a0\u00bb15rem\u00a0\u00bb el_class=\u00a0\u00bbhide-on-mobile\u00a0\u00bb][vc_empty_space height=\u00a0\u00bb8rem\u00a0\u00bb el_class=\u00a0\u00bbhide-on-desktop\u00a0\u00bb][\/vc_column][\/vc_row][vc_row content_placement=\u00a0\u00bbtop\u00a0\u00bb el_class=\u00a0\u00bbthree-bi-two\u00a0\u00bb][vc_column][vc_row_inner content_placement=\u00a0\u00bbtop\u00a0\u00bb el_class=\u00a0\u00bbswap-on-mobile\u00a0\u00bb][vc_column_inner el_class=\u00a0\u00bbleft-side\u00a0\u00bb width=\u00a0\u00bb1\/3&Prime; css=\u00a0\u00bb.vc_custom_1739180460555{padding-top: 0px !important;background-color: #FF000000 !important;}\u00a0\u00bb][vc_hoverbox primary_title=\u00a0\u00bbA\u00c9ROSPATIAL\u00a0\u00bb primary_align=\u00a0\u00bbleft\u00a0\u00bb hover_title=\u00a0\u00bb\u00a0\u00bb hover_align=\u00a0\u00bbleft\u00a0\u00bb hover_background_color=\u00a0\u00bbcustom\u00a0\u00bb align=\u00a0\u00bbleft\u00a0\u00bb css_animation=\u00a0\u00bbfadeIn\u00a0\u00bb reverse=\u00a0\u00bbtrue\u00a0\u00bb hover_custom_background=\u00a0\u00bb#EBEBEB0D\u00a0\u00bb css=\u00a0\u00bb.vc_custom_1748263792613{background-image: url(https:\/\/www.calidus.ae\/wp-content\/uploads\/2025\/05\/who-we-are.webp?id=2357) !important;background-position: center !important;background-repeat: no-repeat !important;background-size: cover !important;}\u00a0\u00bb]<\/p>\n<p style=\"text-align: left;\">Concevoir et fabriquer des solutions a\u00e9rospatiales innovantes.<\/p>\n<p>[\/vc_hoverbox][vc_empty_space height=\u00a0\u00bb10rem\u00a0\u00bb el_class=\u00a0\u00bbhide-on-mobile\u00a0\u00bb][vc_empty_space height=\u00a0\u00bb1rem\u00a0\u00bb el_class=\u00a0\u00bbhide-on-desktop\u00a0\u00bb][vc_column_text css=\u00a0\u00bb\u00a0\u00bb el_class=\u00a0\u00bbtext-enlarge\u00a0\u00bb]<\/p>\n<p style=\"text-align: left;\">Nous proposons des solutions innovantes aux d\u00e9fis les plus complexes du monde.<\/p>\n<p>[\/vc_column_text][vc_btn title=\u00a0\u00bbEN SAVOIR PLUS\u00a0\u00bb shape=\u00a0\u00bbround\u00a0\u00bb i_align=\u00a0\u00bbright\u00a0\u00bb i_type=\u00a0\u00bbmaterial\u00a0\u00bb i_icon_material=\u00a0\u00bbvc-material vc-material-arrow_forward\u00a0\u00bb css=\u00a0\u00bb\u00a0\u00bb add_icon=\u00a0\u00bbtrue\u00a0\u00bb link=\u00a0\u00bburl:https%3A%2F%2Fwww.calidus.ae%2Ffr%2Fsolutions%2F\u00a0\u00bb el_class=\u00a0\u00bbmain-btn\u00a0\u00bb][\/vc_column_inner][vc_column_inner el_class=\u00a0\u00bbleft-side\u00a0\u00bb width=\u00a0\u00bb1\/3&Prime; el_id=\u00a0\u00bbright-column\u00a0\u00bb][vc_empty_space height=\u00a0\u00bb10rem\u00a0\u00bb el_class=\u00a0\u00bbhide-on-mobile\u00a0\u00bb][vc_empty_space height=\u00a0\u00bb1rem\u00a0\u00bb el_class=\u00a0\u00bbhide-on-desktop\u00a0\u00bb][vc_hoverbox primary_title=\u00a0\u00bbV\u00c9HICULES TERRESTRES\u00a0\u00bb primary_align=\u00a0\u00bbleft\u00a0\u00bb hover_title=\u00a0\u00bb\u00a0\u00bb hover_align=\u00a0\u00bbleft\u00a0\u00bb hover_background_color=\u00a0\u00bbcustom\u00a0\u00bb align=\u00a0\u00bbleft\u00a0\u00bb css_animation=\u00a0\u00bbfadeIn\u00a0\u00bb reverse=\u00a0\u00bbtrue\u00a0\u00bb hover_custom_background=\u00a0\u00bb#EBEBEB0D\u00a0\u00bb css=\u00a0\u00bb.vc_custom_1744008629650{background-image: url(https:\/\/www.calidus.ae\/wp-content\/uploads\/2025\/02\/who-we-are2.webp?id=691) !important;background-position: center !important;background-repeat: no-repeat !important;background-size: cover !important;}\u00a0\u00bb]<\/p>\n<p style=\"text-align: left;\"><span style=\"font-weight: 400;\">Fournir des v\u00e9hicules terrestres avanc\u00e9s pour des conditions extr\u00eames et la r\u00e9ussite des missions.<\/span><\/p>\n<p>[\/vc_hoverbox][vc_empty_space height=\u00a0\u00bb5rem\u00a0\u00bb el_class=\u00a0\u00bbhide-on-mobile\u00a0\u00bb][\/vc_column_inner][vc_column_inner el_class=\u00a0\u00bbleft-side\u00a0\u00bb width=\u00a0\u00bb1\/3&Prime;][vc_custom_heading text=\u00a0\u00bbCE QUE NOUS FAISONS\u00a0\u00bb font_container=\u00a0\u00bbtag:h2|text_align:right\u00a0\u00bb use_theme_fonts=\u00a0\u00bbyes\u00a0\u00bb css=\u00a0\u00bb\u00a0\u00bb el_class=\u00a0\u00bbmove-title-right add-bullet-right-m\u00a0\u00bb][vc_empty_space height=\u00a0\u00bb15rem\u00a0\u00bb el_class=\u00a0\u00bbhide-on-mobile\u00a0\u00bb][vc_hoverbox primary_title=\u00a0\u00bbV\u00c9HICULES TERRESTRES\u00a0\u00bb primary_align=\u00a0\u00bbleft\u00a0\u00bb hover_title=\u00a0\u00bb\u00a0\u00bb hover_align=\u00a0\u00bbleft\u00a0\u00bb hover_background_color=\u00a0\u00bbcustom\u00a0\u00bb align=\u00a0\u00bbleft\u00a0\u00bb css_animation=\u00a0\u00bbfadeIn\u00a0\u00bb reverse=\u00a0\u00bbtrue\u00a0\u00bb hover_custom_background=\u00a0\u00bb#EBEBEB0D\u00a0\u00bb css=\u00a0\u00bb.vc_custom_1744008638214{background-image: url(https:\/\/www.calidus.ae\/wp-content\/uploads\/2025\/02\/who-we-are3.webp?id=690) !important;background-position: center !important;background-repeat: no-repeat !important;background-size: cover !important;}\u00a0\u00bb]<\/p>\n<p style=\"text-align: left;\">Maximiser l\u2019efficacit\u00e9 au combat aujourd\u2019hui, concevoir les armes de demain.<\/p>\n<p>[\/vc_hoverbox][vc_empty_space height=\u00a0\u00bb5rem\u00a0\u00bb el_class=\u00a0\u00bbhide-on-mobile\u00a0\u00bb][\/vc_column_inner][\/vc_row_inner][\/vc_column][\/vc_row][vc_row gap=\u00a0\u00bb20&Prime; full_height=\u00a0\u00bbyes\u00a0\u00bb equal_height=\u00a0\u00bbyes\u00a0\u00bb content_placement=\u00a0\u00bbmiddle\u00a0\u00bb css_animation=\u00a0\u00bbfadeInRight\u00a0\u00bb css=\u00a0\u00bb.vc_custom_1739792598999{padding-top: 2rem !important;padding-bottom: 2rem !important;}\u00a0\u00bb el_class=\u00a0\u00bbgap-7&Prime;][vc_column width=\u00a0\u00bb1\/2&Prime; awb_type=\u00a0\u00bbvideo\u00a0\u00bb awb_video_mobile=\u00a0\u00bb1&Prime; css=\u00a0\u00bb.vc_custom_1739181595543{margin-right: 8% !important;}\u00a0\u00bb awb_video_mp4=\u00a0\u00bbhttps:\/\/www.calidus.ae\/wp-content\/uploads\/2025\/01\/Gen-3-Alpha-Turbo-2977429623-Slow-motion-shot-Cropped-Screenshot-M-5-cam_H-10-cam_R-01-cam_Z-54-cam_YW-43.mp4&Prime; el_class=\u00a0\u00bbcurved-video\u00a0\u00bb][vc_empty_space height=\u00a0\u00bb80vh\u00a0\u00bb][\/vc_column][vc_column width=\u00a0\u00bb1\/2&Prime; el_class=\u00a0\u00bbitem-vertical-center remove-margin\u00a0\u00bb][vc_custom_heading text=\u00a0\u00bbFavoriser L&rsquo;excellence\u00a0\u00bb font_container=\u00a0\u00bbtag:h2|font_size:2.625rem|text_align:left|line_height:2.9375rem\u00a0\u00bb use_theme_fonts=\u00a0\u00bbyes\u00a0\u00bb css=\u00a0\u00bb\u00a0\u00bb][vc_empty_space height=\u00a0\u00bb1.5rem\u00a0\u00bb el_class=\u00a0\u00bbtitle-para-space\u00a0\u00bb][vc_column_text css=\u00a0\u00bb\u00a0\u00bb]<\/p>\n<p style=\"text-align: left;\">Nous veillons \u00e0 ce que nos clients atteignent leurs meilleures performances en leur fournissant des accords de maintenance apr\u00e8s-vente et de formation \u00e0 long terme.<br \/>\nNous garantissons une conformit\u00e9 totale aux meilleures pratiques mondiales dans nos diff\u00e9rentes activit\u00e9s de d\u00e9fense afin de pr\u00e9server la confiance de nos clients estim\u00e9s.<\/p>\n<p>[\/vc_column_text][vc_empty_space height=\u00a0\u00bb1.8rem\u00a0\u00bb el_class=\u00a0\u00bbpara-button-space\u00a0\u00bb][vc_btn title=\u00a0\u00bbINSCRIVEZ-VOUS MAINTENANT\u00a0\u00bb shape=\u00a0\u00bbround\u00a0\u00bb i_align=\u00a0\u00bbright\u00a0\u00bb i_type=\u00a0\u00bbmaterial\u00a0\u00bb i_icon_material=\u00a0\u00bbvc-material vc-material-arrow_forward\u00a0\u00bb css=\u00a0\u00bb\u00a0\u00bb add_icon=\u00a0\u00bbtrue\u00a0\u00bb link=\u00a0\u00bburl:https%3A%2F%2Fwww.calidus.ae%2Ffr%2Fsupplier-registration%2F\u00a0\u00bb el_class=\u00a0\u00bbmain-btn\u00a0\u00bb][vc_empty_space height=\u00a0\u00bb5rem\u00a0\u00bb el_class=\u00a0\u00bbhide-on-desktop\u00a0\u00bb][\/vc_column][\/vc_row][vc_row content_placement=\u00a0\u00bbbottom\u00a0\u00bb css_animation=\u00a0\u00bbfadeIn\u00a0\u00bb][vc_column][vc_empty_space height=\u00a0\u00bb9rem\u00a0\u00bb el_class=\u00a0\u00bbhide-on-mobile\u00a0\u00bb][vc_row_inner equal_height=\u00a0\u00bbyes\u00a0\u00bb content_placement=\u00a0\u00bbbottom\u00a0\u00bb el_class=\u00a0\u00bbswap-on-mobile\u00a0\u00bb][vc_column_inner el_class=\u00a0\u00bbitem-top-img\u00a0\u00bb width=\u00a0\u00bb1\/2&Prime; css=\u00a0\u00bb.vc_custom_1739184154275{background-position: center !important;background-repeat: no-repeat !important;background-size: cover !important;}\u00a0\u00bb][vc_custom_heading text=\u00a0\u00bbPionniers dans la Cr\u00e9ation de Produits Fabriqu\u00e9s aux \u00c9mirats Arabes Unis\u00a0\u00bb font_container=\u00a0\u00bbtag:h2|font_size:2.625rem|text_align:left|line_height:2.9375rem\u00a0\u00bb use_theme_fonts=\u00a0\u00bbyes\u00a0\u00bb css=\u00a0\u00bb.vc_custom_1744008943689{margin-bottom: .625rem !important;}\u00a0\u00bb][vc_column_text css=\u00a0\u00bb\u00a0\u00bb]<\/p>\n<p style=\"text-align: left;\">Nous mettons l\u2019accent sur la conception et la production locales, garantissant que chaque solution refl\u00e8te le talent local, les ressources et l&rsquo;engagement envers la qualit\u00e9.<\/p>\n<p>[\/vc_column_text][vc_btn title=\u00a0\u00bbEN SAVOIR PLUS\u00a0\u00bb shape=\u00a0\u00bbround\u00a0\u00bb i_align=\u00a0\u00bbright\u00a0\u00bb i_type=\u00a0\u00bbmaterial\u00a0\u00bb i_icon_material=\u00a0\u00bbvc-material vc-material-arrow_forward\u00a0\u00bb css=\u00a0\u00bb\u00a0\u00bb add_icon=\u00a0\u00bbtrue\u00a0\u00bb link=\u00a0\u00bburl:https%3A%2F%2Fwww.calidus.ae%2Ffr%2Fsolutions%2F\u00a0\u00bb el_class=\u00a0\u00bbmain-btn\u00a0\u00bb][\/vc_column_inner][vc_column_inner width=\u00a0\u00bb1\/2&Prime;][vc_single_image image=\u00a0\u00bb2354&Prime; img_size=\u00a0\u00bbfull\u00a0\u00bb alignment=\u00a0\u00bbcenter\u00a0\u00bb style=\u00a0\u00bbvc_box_rounded\u00a0\u00bb css=\u00a0\u00bb\u00a0\u00bb][\/vc_column_inner][\/vc_row_inner][vc_empty_space height=\u00a0\u00bb2rem\u00a0\u00bb][\/vc_column][\/vc_row][vc_row full_width=\u00a0\u00bbstretch_row\u00a0\u00bb full_height=\u00a0\u00bbyes\u00a0\u00bb css_animation=\u00a0\u00bbfadeIn\u00a0\u00bb awb_type=\u00a0\u00bbimage\u00a0\u00bb awb_image_background_position=\u00a0\u00bb50% 50%\u00a0\u00bb awb_color=\u00a0\u00bb#00000045&Prime; el_class=\u00a0\u00bbbg-parent-container\u00a0\u00bb awb_image=\u00a0\u00bb2559&Prime; el_id=\u00a0\u00bbfooter-bg\u00a0\u00bb][vc_column][vc_row_inner][vc_column_inner el_class=\u00a0\u00bbblock-1&Prime; width=\u00a0\u00bb1\/4&Prime;][\/vc_column_inner][vc_column_inner width=\u00a0\u00bb1\/2&Prime;][\/vc_column_inner][vc_column_inner el_class=\u00a0\u00bbblock-2&Prime; width=\u00a0\u00bb1\/4&Prime;][\/vc_column_inner][\/vc_row_inner][vc_row_inner][vc_column_inner el_class=\u00a0\u00bbtext-enlarge block-3&Prime; width=\u00a0\u00bb1\/4&Prime;][vc_column_text css=\u00a0\u00bb\u00a0\u00bb]Fa\u00e7onner<br \/>\nl&rsquo;Avenir de<br \/>\nla S\u00e9curit\u00e9[\/vc_column_text][\/vc_column_inner][vc_column_inner width=\u00a0\u00bb1\/2&Prime;][\/vc_column_inner][vc_column_inner el_class=\u00a0\u00bbblock-4&Prime; width=\u00a0\u00bb1\/4&Prime;][\/vc_column_inner][\/vc_row_inner][\/vc_column][\/vc_row]<\/p>\n<\/div>","protected":false},"excerpt":{"rendered":"<p>[vc_row full_width=\u00a0\u00bbstretch_row\u00a0\u00bb full_height=\u00a0\u00bbyes\u00a0\u00bb css_animation=\u00a0\u00bbzoomIn\u00a0\u00bb awb_type=\u00a0\u00bbimage\u00a0\u00bb awb_image_background_position=\u00a0\u00bb50% 50%\u00a0\u00bb awb_color=\u00a0\u00bb#0000004F\u00a0\u00bb awb_image=\u00a0\u00bb2485&Prime; el_id=\u00a0\u00bbhome-banner\u00a0\u00bb][vc_column][vc_custom_heading text=\u00a0\u00bbRENFORCER LA D\u00c9FENSE MONDIALE\u00a0\u00bb font_container=\u00a0\u00bbtag:h2|font_size:82px|text_align:center|color:%23FFFFFF\u00a0\u00bb google_fonts=\u00a0\u00bbfont_family:Raleway%3A100%2C200%2C300%2Cregular%2C500%2C600%2C700%2C800%2C900|font_style:600%20bold%20regular%3A600%3Anormal\u00a0\u00bb css=\u00a0\u00bb\u00a0\u00bb][\/vc_column][\/vc_row][vc_row content_placement=\u00a0\u00bbmiddle\u00a0\u00bb css_animation=\u00a0\u00bbfadeInLeft\u00a0\u00bb el_class=\u00a0\u00bbcustom-full-width text-enlarge intro-section\u00a0\u00bb][vc_column][vc_empty_space height=\u00a0\u00bb15rem\u00a0\u00bb el_class=\u00a0\u00bbhide-on-mobile\u00a0\u00bb][vc_empty_space height=\u00a0\u00bb8rem\u00a0\u00bb el_class=\u00a0\u00bbhide-on-desktop\u00a0\u00bb][vc_row_inner][vc_column_inner el_class=\u00a0\u00bbhide-on-mobile\u00a0\u00bb width=\u00a0\u00bb1\/6&Prime;][\/vc_column_inner][vc_column_inner el_class=\u00a0\u00bbtext-enlarge wrap-80&Prime; width=\u00a0\u00bb2\/3&Prime;][vc_single_image image=\u00a0\u00bb395&Prime; img_size=\u00a0\u00bbfull\u00a0\u00bb alignment=\u00a0\u00bbcenter\u00a0\u00bb css=\u00a0\u00bb\u00a0\u00bb el_class=\u00a0\u00bbbullet-xl\u00a0\u00bb][vc_column_text css=\u00a0\u00bb\u00a0\u00bb] D\u00e9velopper des solutions de d\u00e9fense modernes pour red\u00e9finir la s\u00e9curit\u00e9 et la protection en vue d\u2019un avenir s\u00fbr. [&hellip;]<\/p>\n","protected":false},"author":1,"featured_media":0,"parent":0,"menu_order":0,"comment_status":"closed","ping_status":"closed","template":"","meta":{"_acf_changed":false,"inline_featured_image":false,"footnotes":""},"class_list":["post-1657","page","type-page","status-publish","hentry"],"acf":[],"_links":{"self":[{"href":"https:\/\/www.calidus.ae\/fr\/wp-json\/wp\/v2\/pages\/1657","targetHints":{"allow":["GET"]}}],"collection":[{"href":"https:\/\/www.calidus.ae\/fr\/wp-json\/wp\/v2\/pages"}],"about":[{"href":"https:\/\/www.calidus.ae\/fr\/wp-json\/wp\/v2\/types\/page"}],"author":[{"embeddable":true,"href":"https:\/\/www.calidus.ae\/fr\/wp-json\/wp\/v2\/users\/1"}],"replies":[{"embeddable":true,"href":"https:\/\/www.calidus.ae\/fr\/wp-json\/wp\/v2\/comments?post=1657"}],"version-history":[{"count":24,"href":"https:\/\/www.calidus.ae\/fr\/wp-json\/wp\/v2\/pages\/1657\/revisions"}],"predecessor-version":[{"id":2562,"href":"https:\/\/www.calidus.ae\/fr\/wp-json\/wp\/v2\/pages\/1657\/revisions\/2562"}],"wp:attachment":[{"href":"https:\/\/www.calidus.ae\/fr\/wp-json\/wp\/v2\/media?parent=1657"}],"curies":[{"name":"wp","href":"https:\/\/api.w.org\/{rel}","templated":true}]}}