{"id":1682,"date":"2025-02-02T11:37:50","date_gmt":"2025-02-02T11:37:50","guid":{"rendered":"https:\/\/www.calidus.ae\/solutions\/"},"modified":"2025-08-27T07:41:22","modified_gmt":"2025-08-27T07:41:22","slug":"solutions","status":"publish","type":"page","link":"https:\/\/www.calidus.ae\/fr\/solutions\/","title":{"rendered":"Solutions"},"content":{"rendered":"<div class=\"wpb-content-wrapper\"><p>[vc_row full_width=\u00a0\u00bbstretch_row\u00a0\u00bb full_height=\u00a0\u00bbyes\u00a0\u00bb el_id=\u00a0\u00bbhome-banner\u00a0\u00bb css=\u00a0\u00bb.vc_custom_1746083304302{margin-top: -21vh !important;}\u00a0\u00bb][vc_column]\n\t\t\t\t<p class=\"rs-p-wp-fix\"><\/p>\n\t\t\t\t<sr7-module data-alias=\"solutions-12\" data-id=\"11\" id=\"SR7_11_1\" class=\"rs-ov-hidden\" data-version=\"6.7.27\">\n\t\t\t\t\t<sr7-adjuster><\/sr7-adjuster>\n\t\t\t\t\t<sr7-content>\n\t\t\t\t\t\t<sr7-slide id=\"SR7_11_1-23\" data-key=\"23\">\n\t\t\t\t\t\t\t<sr7-txt id=\"SR7_11_1-23-0\" class=\"sr7-layer\">DES SOLUTIONS POUR <br> DES MISSIONS R\u00c9USSIES<\/sr7-txt>\n\t\t\t\t\t\t<\/sr7-slide>\n\t\t\t\t\t\t<sr7-slide id=\"SR7_11_1-24\" data-key=\"24\">\n\t\t\t\t\t\t<\/sr7-slide>\n\t\t\t\t\t<\/sr7-content>\n\t\t\t\t<\/sr7-module>\n\t\t\t\t<script>\n\t\t\t\t\tSR7.PMH ??={}; SR7.PMH[\"SR7_11_1\"] = {cn:100,state:false,fn: function() { if (_tpt!==undefined && _tpt.prepareModuleHeight !== undefined) {  _tpt.prepareModuleHeight({id:\"SR7_11_1\",el:[650,650,650,650,720],type:'standard',shdw:'0',gh:[650,650,650,650,720],gw:[1240,1240,1240,1240,480],vpt:['-100px&#039;,&#039;-100px&#039;,&#039;-100px&#039;,&#039;-100px&#039;,&#039;-100px'],size:{fullWidth:true, fullHeight:true},fho:'',mh:'0',onh:0,onw:0,bg:{color:'{\"orig\":\"transparent\",\"type\":\"solid\",\"string\":\"transparent\"}'}});   SR7.PMH[\"SR7_11_1\"].state=true;} else if(SR7.PMH[\"SR7_11_1\"].cn-->0)\tsetTimeout( SR7.PMH[\"SR7_11_1\"].fn,19);}};SR7.PMH[\"SR7_11_1\" ].fn();\n\t\t\t\t<\/script>\n[\/vc_column][\/vc_row][vc_row full_height=\u00a0\u00bbyes\u00a0\u00bb content_placement=\u00a0\u00bbmiddle\u00a0\u00bb css_animation=\u00a0\u00bbfadeInLeft\u00a0\u00bb el_class=\u00a0\u00bbcustom-full-width text-enlarge intro-section\u00a0\u00bb][vc_column][vc_row_inner][vc_column_inner el_class=\u00a0\u00bbhide-on-mobile\u00a0\u00bb width=\u00a0\u00bb1\/6&Prime;][\/vc_column_inner][vc_column_inner el_class=\u00a0\u00bbtext-enlarge wrap-80&Prime; width=\u00a0\u00bb2\/3&Prime;][vc_single_image image=\u00a0\u00bb395&Prime; img_size=\u00a0\u00bbfull\u00a0\u00bb alignment=\u00a0\u00bbcenter\u00a0\u00bb css=\u00a0\u00bb\u00a0\u00bb el_class=\u00a0\u00bbbullet-xl\u00a0\u00bb][vc_column_text css=\u00a0\u00bb\u00a0\u00bb]<\/p>\n<p style=\"text-align: center;\">D\u00e9di\u00e9s \u00e0 la r\u00e9ussite des missions gr\u00e2ce \u00e0 des solutions de d\u00e9fense et de s\u00e9curit\u00e9 avanc\u00e9es.<\/p>\n<p>[\/vc_column_text][\/vc_column_inner][vc_column_inner el_class=\u00a0\u00bbhide-on-mobile\u00a0\u00bb width=\u00a0\u00bb1\/6&Prime;][\/vc_column_inner][\/vc_row_inner][\/vc_column][\/vc_row][vc_row full_height=\u00a0\u00bbyes\u00a0\u00bb equal_height=\u00a0\u00bbyes\u00a0\u00bb css_animation=\u00a0\u00bbfadeInRight\u00a0\u00bb css=\u00a0\u00bb.vc_custom_1739792896043{padding-top: 2rem !important;padding-bottom: 2rem !important;}\u00a0\u00bb el_class=\u00a0\u00bbswap-on-mobile gap-7&Prime;][vc_column width=\u00a0\u00bb1\/2&Prime; el_class=\u00a0\u00bbitem-vertical-center remove-margin\u00a0\u00bb css=\u00a0\u00bb.vc_custom_1738479036094{margin-right: 8% !important;}\u00a0\u00bb][vc_custom_heading text=\u00a0\u00bbPartenariats Innovants pour une Performance Sup\u00e9rieure\u00a0\u00bb font_container=\u00a0\u00bbtag:h2|font_size:2.625rem|text_align:left|line_height:2.9375rem\u00a0\u00bb use_theme_fonts=\u00a0\u00bbyes\u00a0\u00bb css=\u00a0\u00bb\u00a0\u00bb][vc_empty_space height=\u00a0\u00bb1.5rem\u00a0\u00bb el_class=\u00a0\u00bbtitle-para-space\u00a0\u00bb][vc_column_text css=\u00a0\u00bb\u00a0\u00bb]Gr\u00e2ce \u00e0 des partenariats avec certaines des entreprises les plus innovantes du secteur a\u00e9ronautique, Calidus vise \u00e0 offrir \u00e0 ses clients des solutions de pointe, ax\u00e9es sur la mission et rentables. Nous nous engageons \u00e0 aider nos clients \u00e0 atteindre leurs meilleures performances gr\u00e2ce \u00e0 des accords continus de maintenance et de formation.[\/vc_column_text][vc_empty_space height=\u00a0\u00bb1.8rem\u00a0\u00bb el_class=\u00a0\u00bbpara-button-space\u00a0\u00bb][\/vc_column][vc_column width=\u00a0\u00bb1\/2&Prime; el_class=\u00a0\u00bbcurved-video\u00a0\u00bb][vc_single_image image=\u00a0\u00bb465&Prime; img_size=\u00a0\u00bbfull\u00a0\u00bb css=\u00a0\u00bb\u00a0\u00bb][\/vc_column][\/vc_row][vc_row content_placement=\u00a0\u00bbtop\u00a0\u00bb el_class=\u00a0\u00bbthree-bi-two\u00a0\u00bb][vc_column][vc_row_inner content_placement=\u00a0\u00bbtop\u00a0\u00bb el_class=\u00a0\u00bbswap-on-mobile\u00a0\u00bb][vc_column_inner el_class=\u00a0\u00bbleft-side\u00a0\u00bb width=\u00a0\u00bb1\/2&Prime; css=\u00a0\u00bb.vc_custom_1738358524079{background-color: #FF000000 !important;}\u00a0\u00bb][vc_hoverbox primary_title=\u00a0\u00bbA\u00c9ROSPATIAL\u00a0\u00bb primary_align=\u00a0\u00bbleft\u00a0\u00bb hover_title=\u00a0\u00bbA\u00c9ROSPATIAL\u00a0\u00bb hover_align=\u00a0\u00bbleft\u00a0\u00bb hover_background_color=\u00a0\u00bbcustom\u00a0\u00bb align=\u00a0\u00bbleft\u00a0\u00bb hover_btn_title=\u00a0\u00bbEn savoir plus\u00a0\u00bb hover_btn_style=\u00a0\u00bbcustom\u00a0\u00bb hover_btn_custom_background=\u00a0\u00bb#D9D9D9&Prime; hover_btn_custom_text=\u00a0\u00bb#000000&Prime; hover_btn_i_align=\u00a0\u00bbright\u00a0\u00bb hover_btn_i_type=\u00a0\u00bbmaterial\u00a0\u00bb hover_btn_i_icon_material=\u00a0\u00bbvc-material vc-material-arrow_forward\u00a0\u00bb css_animation=\u00a0\u00bbfadeIn\u00a0\u00bb hover_add_button=\u00a0\u00bbtrue\u00a0\u00bb reverse=\u00a0\u00bbtrue\u00a0\u00bb hover_btn_add_icon=\u00a0\u00bbtrue\u00a0\u00bb hover_custom_background=\u00a0\u00bb#EBEBEB0D\u00a0\u00bb css=\u00a0\u00bb.vc_custom_1748261364679{background-image: url(https:\/\/www.calidus.ae\/wp-content\/uploads\/2025\/02\/aerospace-card.webp?id=1647) !important;background-position: center !important;background-repeat: no-repeat !important;background-size: cover !important;}\u00a0\u00bb hover_btn_link=\u00a0\u00bburl:https%3A%2F%2Fwww.calidus.ae%2Ffr%2Faerospace-solutions%2F|title:Hello%20world!\u00a0\u00bb hover_btn_el_class=\u00a0\u00bbtheme-button\u00a0\u00bb el_class=\u00a0\u00bbaerospace-hovr\u00a0\u00bb]<\/p>\n<p style=\"text-align: left;\">Nous concevons et fabriquons des syst\u00e8mes a\u00e9rospatiaux de pointe, offrant des solutions avanc\u00e9es pour une meilleure mobilit\u00e9, performance et r\u00e9ussite des missions.<\/p>\n<p>[\/vc_hoverbox][vc_empty_space height=\u00a0\u00bb2rem\u00a0\u00bb][vc_hoverbox primary_title=\u00a0\u00bbMISSILES\u00a0\u00bb primary_align=\u00a0\u00bbleft\u00a0\u00bb hover_title=\u00a0\u00bbMISSILES\u00a0\u00bb hover_align=\u00a0\u00bbleft\u00a0\u00bb hover_background_color=\u00a0\u00bbcustom\u00a0\u00bb align=\u00a0\u00bbleft\u00a0\u00bb hover_btn_title=\u00a0\u00bbEn savoir plus\u00a0\u00bb hover_btn_style=\u00a0\u00bbcustom\u00a0\u00bb hover_btn_custom_background=\u00a0\u00bb#D9D9D9&Prime; hover_btn_custom_text=\u00a0\u00bb#000000&Prime; hover_btn_i_align=\u00a0\u00bbright\u00a0\u00bb hover_btn_i_type=\u00a0\u00bbmaterial\u00a0\u00bb hover_btn_i_icon_material=\u00a0\u00bbvc-material vc-material-arrow_forward\u00a0\u00bb css_animation=\u00a0\u00bbfadeIn\u00a0\u00bb hover_add_button=\u00a0\u00bbtrue\u00a0\u00bb reverse=\u00a0\u00bbtrue\u00a0\u00bb hover_btn_add_icon=\u00a0\u00bbtrue\u00a0\u00bb hover_custom_background=\u00a0\u00bb#EBEBEB0D\u00a0\u00bb css=\u00a0\u00bb.vc_custom_1746427801639{background-image: url(https:\/\/www.calidus.ae\/wp-content\/uploads\/2025\/02\/missile.webp?id=855) !important;background-position: center !important;background-repeat: no-repeat !important;background-size: cover !important;}\u00a0\u00bb hover_btn_el_class=\u00a0\u00bbtheme-button\u00a0\u00bb hover_btn_link=\u00a0\u00bburl:https%3A%2F%2Fwww.calidus.ae%2Ffr%2Fmissiles%2F|title:Missiles\u00a0\u00bb el_class=\u00a0\u00bbmissile-hover\u00a0\u00bb]<\/p>\n<p style=\"text-align: left;\"><span style=\"font-weight: 400;\">Le bureau de conception interne de Calidus utilise des technologies de pointe pour g\u00e9rer l\u2019ensemble du cycle de d\u00e9veloppement, de la conception au support technique.<\/span><\/p>\n<p>[\/vc_hoverbox][vc_empty_space height=\u00a0\u00bb2rem\u00a0\u00bb el_class=\u00a0\u00bbhide-on-desktop\u00a0\u00bb][vc_column_text css=\u00a0\u00bb.vc_custom_1744012537569{margin-bottom: 0px !important;margin-left: 8% !important;}\u00a0\u00bb el_class=\u00a0\u00bbtext-enlarge hide-on-desktop\u00a0\u00bb]<\/p>\n<p style=\"text-align: right;\">Des syst\u00e8mes a\u00e9ronautiques de pointe aux technologies de d\u00e9fense terrestre les plus avanc\u00e9es, Calidus propose des innovations ax\u00e9es sur la mission, fiables et \u00e9conomiques.<\/p>\n<p>[\/vc_column_text][vc_btn title=\u00a0\u00bbEN SAVOIR PLUS\u00a0\u00bb shape=\u00a0\u00bbround\u00a0\u00bb i_align=\u00a0\u00bbright\u00a0\u00bb i_type=\u00a0\u00bbmaterial\u00a0\u00bb i_icon_material=\u00a0\u00bbvc-material vc-material-arrow_forward\u00a0\u00bb css=\u00a0\u00bb.vc_custom_1744287765673{margin-top: 2rem !important;}\u00a0\u00bb add_icon=\u00a0\u00bbtrue\u00a0\u00bb el_class=\u00a0\u00bbhide-on-desktop main-btn\u00a0\u00bb link=\u00a0\u00bburl:https%3A%2F%2Fwww.calidus.ae%2Ffr%2Fcontact-us%2F\u00a0\u00bb][\/vc_column_inner][vc_column_inner el_class=\u00a0\u00bbright-side\u00a0\u00bb width=\u00a0\u00bb1\/2&Prime; el_id=\u00a0\u00bbright-column\u00a0\u00bb][vc_empty_space height=\u00a0\u00bb13rem\u00a0\u00bb el_class=\u00a0\u00bbhide-on-mobile\u00a0\u00bb][vc_empty_space height=\u00a0\u00bb1rem\u00a0\u00bb el_class=\u00a0\u00bbhide-on-desktop\u00a0\u00bb][vc_hoverbox primary_title=\u00a0\u00bbTERRESTRE\u00a0\u00bb primary_align=\u00a0\u00bbleft\u00a0\u00bb hover_title=\u00a0\u00bbTERRESTRE\u00a0\u00bb hover_align=\u00a0\u00bbright\u00a0\u00bb hover_background_color=\u00a0\u00bbcustom\u00a0\u00bb align=\u00a0\u00bbleft\u00a0\u00bb hover_btn_title=\u00a0\u00bbEn savoir plus\u00a0\u00bb hover_btn_style=\u00a0\u00bbcustom\u00a0\u00bb hover_btn_custom_background=\u00a0\u00bb#D9D9D9&Prime; hover_btn_custom_text=\u00a0\u00bb#000000&Prime; hover_btn_i_align=\u00a0\u00bbright\u00a0\u00bb hover_btn_i_type=\u00a0\u00bbmaterial\u00a0\u00bb hover_btn_i_icon_material=\u00a0\u00bbvc-material vc-material-arrow_forward\u00a0\u00bb css_animation=\u00a0\u00bbfadeIn\u00a0\u00bb hover_add_button=\u00a0\u00bbtrue\u00a0\u00bb reverse=\u00a0\u00bbtrue\u00a0\u00bb hover_btn_add_icon=\u00a0\u00bbtrue\u00a0\u00bb hover_custom_background=\u00a0\u00bb#EBEBEB0D\u00a0\u00bb css=\u00a0\u00bb.vc_custom_1748261502068{background-image: url(https:\/\/www.calidus.ae\/wp-content\/uploads\/2025\/02\/landvehicle-card.webp?id=1648) !important;background-position: center !important;background-repeat: no-repeat !important;background-size: cover !important;}\u00a0\u00bb hover_btn_link=\u00a0\u00bburl:https%3A%2F%2Fwww.calidus.ae%2Ffr%2Fland-solutions%2F|title:Land%20Solutions\u00a0\u00bb hover_btn_el_class=\u00a0\u00bbtheme-button\u00a0\u00bb el_class=\u00a0\u00bbland-hover\u00a0\u00bb]<\/p>\n<p style=\"text-align: right;\">Nos syst\u00e8mes de d\u00e9fense terrestre sont con\u00e7us pour offrir une durabilit\u00e9, une mobilit\u00e9 et une protection in\u00e9gal\u00e9es, garantissant une performance optimale dans les environnements les plus exigeants.<\/p>\n<p>[\/vc_hoverbox][vc_empty_space height=\u00a0\u00bb5rem\u00a0\u00bb el_class=\u00a0\u00bbhide-on-mobile\u00a0\u00bb][vc_column_text css=\u00a0\u00bb.vc_custom_1744012586764{margin-bottom: 0px !important;margin-left: 8% !important;}\u00a0\u00bb el_class=\u00a0\u00bbtext-enlarge hide-on-mobile\u00a0\u00bb]<\/p>\n<p style=\"text-align: right;\">Des syst\u00e8mes a\u00e9ronautiques de pointe aux technologies de d\u00e9fense terrestre les plus avanc\u00e9es, Calidus propose des innovations ax\u00e9es sur la mission, fiables et \u00e9conomiques.<\/p>\n<p>[\/vc_column_text][vc_btn title=\u00a0\u00bbEN SAVOIR PLUS\u00a0\u00bb shape=\u00a0\u00bbround\u00a0\u00bb i_align=\u00a0\u00bbright\u00a0\u00bb i_type=\u00a0\u00bbmaterial\u00a0\u00bb i_icon_material=\u00a0\u00bbvc-material vc-material-arrow_forward\u00a0\u00bb css=\u00a0\u00bb.vc_custom_1744287936037{margin-top: 2rem !important;}\u00a0\u00bb add_icon=\u00a0\u00bbtrue\u00a0\u00bb el_class=\u00a0\u00bbhide-on-mobile main-btn\u00a0\u00bb link=\u00a0\u00bburl:https%3A%2F%2Fwww.calidus.ae%2Ffr%2Fcontact-us%2F\u00a0\u00bb][\/vc_column_inner][\/vc_row_inner][vc_empty_space height=\u00a0\u00bb10rem\u00a0\u00bb][\/vc_column][\/vc_row][vc_row full_width=\u00a0\u00bbstretch_row\u00a0\u00bb full_height=\u00a0\u00bbyes\u00a0\u00bb css_animation=\u00a0\u00bbfadeIn\u00a0\u00bb awb_type=\u00a0\u00bbimage\u00a0\u00bb awb_image_background_position=\u00a0\u00bb50% 50%\u00a0\u00bb awb_color=\u00a0\u00bb#0000004A\u00a0\u00bb el_class=\u00a0\u00bbbg-parent-container\u00a0\u00bb awb_image=\u00a0\u00bb1253&Prime; el_id=\u00a0\u00bbfooter-bg\u00a0\u00bb][vc_column][vc_row_inner][vc_column_inner el_class=\u00a0\u00bbblock-1&Prime; width=\u00a0\u00bb1\/4&Prime;][\/vc_column_inner][vc_column_inner width=\u00a0\u00bb1\/2&Prime;][\/vc_column_inner][vc_column_inner el_class=\u00a0\u00bbblock-2&Prime; width=\u00a0\u00bb1\/4&Prime;][\/vc_column_inner][\/vc_row_inner][vc_row_inner][vc_column_inner el_class=\u00a0\u00bbtext-enlarge block-3&Prime; width=\u00a0\u00bb1\/4&Prime;][vc_column_text css=\u00a0\u00bb\u00a0\u00bb]<span style=\"font-weight: 400;\">Des Solutions<br \/>\n<\/span><span style=\"font-weight: 400;\">Avanc\u00e9es pour<br \/>\nune S\u00e9curit\u00e9<br \/>\nModerne<\/span>[\/vc_column_text][\/vc_column_inner][vc_column_inner width=\u00a0\u00bb1\/2&Prime;][\/vc_column_inner][vc_column_inner el_class=\u00a0\u00bbblock-4&Prime; width=\u00a0\u00bb1\/4&Prime;][\/vc_column_inner][\/vc_row_inner][\/vc_column][\/vc_row]<\/p>\n<\/div>","protected":false},"excerpt":{"rendered":"<p>[vc_row full_width=\u00a0\u00bbstretch_row\u00a0\u00bb full_height=\u00a0\u00bbyes\u00a0\u00bb el_id=\u00a0\u00bbhome-banner\u00a0\u00bb css=\u00a0\u00bb.vc_custom_1746083304302{margin-top: -21vh !important;}\u00a0\u00bb][vc_column][\/vc_column][\/vc_row][vc_row full_height=\u00a0\u00bbyes\u00a0\u00bb content_placement=\u00a0\u00bbmiddle\u00a0\u00bb css_animation=\u00a0\u00bbfadeInLeft\u00a0\u00bb el_class=\u00a0\u00bbcustom-full-width text-enlarge intro-section\u00a0\u00bb][vc_column][vc_row_inner][vc_column_inner el_class=\u00a0\u00bbhide-on-mobile\u00a0\u00bb width=\u00a0\u00bb1\/6&Prime;][\/vc_column_inner][vc_column_inner el_class=\u00a0\u00bbtext-enlarge wrap-80&Prime; width=\u00a0\u00bb2\/3&Prime;][vc_single_image image=\u00a0\u00bb395&Prime; img_size=\u00a0\u00bbfull\u00a0\u00bb alignment=\u00a0\u00bbcenter\u00a0\u00bb css=\u00a0\u00bb\u00a0\u00bb el_class=\u00a0\u00bbbullet-xl\u00a0\u00bb][vc_column_text css=\u00a0\u00bb\u00a0\u00bb] D\u00e9di\u00e9s \u00e0 la r\u00e9ussite des missions gr\u00e2ce \u00e0 des solutions de d\u00e9fense et de s\u00e9curit\u00e9 avanc\u00e9es. [\/vc_column_text][\/vc_column_inner][vc_column_inner el_class=\u00a0\u00bbhide-on-mobile\u00a0\u00bb width=\u00a0\u00bb1\/6&Prime;][\/vc_column_inner][\/vc_row_inner][\/vc_column][\/vc_row][vc_row full_height=\u00a0\u00bbyes\u00a0\u00bb equal_height=\u00a0\u00bbyes\u00a0\u00bb css_animation=\u00a0\u00bbfadeInRight\u00a0\u00bb css=\u00a0\u00bb.vc_custom_1739792896043{padding-top: 2rem !important;padding-bottom: 2rem !important;}\u00a0\u00bb el_class=\u00a0\u00bbswap-on-mobile gap-7&Prime;][vc_column width=\u00a0\u00bb1\/2&Prime; el_class=\u00a0\u00bbitem-vertical-center [&hellip;]<\/p>\n","protected":false},"author":1,"featured_media":0,"parent":0,"menu_order":0,"comment_status":"closed","ping_status":"closed","template":"","meta":{"_acf_changed":false,"inline_featured_image":false,"footnotes":""},"class_list":["post-1682","page","type-page","status-publish","hentry"],"acf":[],"_links":{"self":[{"href":"https:\/\/www.calidus.ae\/fr\/wp-json\/wp\/v2\/pages\/1682","targetHints":{"allow":["GET"]}}],"collection":[{"href":"https:\/\/www.calidus.ae\/fr\/wp-json\/wp\/v2\/pages"}],"about":[{"href":"https:\/\/www.calidus.ae\/fr\/wp-json\/wp\/v2\/types\/page"}],"author":[{"embeddable":true,"href":"https:\/\/www.calidus.ae\/fr\/wp-json\/wp\/v2\/users\/1"}],"replies":[{"embeddable":true,"href":"https:\/\/www.calidus.ae\/fr\/wp-json\/wp\/v2\/comments?post=1682"}],"version-history":[{"count":19,"href":"https:\/\/www.calidus.ae\/fr\/wp-json\/wp\/v2\/pages\/1682\/revisions"}],"predecessor-version":[{"id":2604,"href":"https:\/\/www.calidus.ae\/fr\/wp-json\/wp\/v2\/pages\/1682\/revisions\/2604"}],"wp:attachment":[{"href":"https:\/\/www.calidus.ae\/fr\/wp-json\/wp\/v2\/media?parent=1682"}],"curies":[{"name":"wp","href":"https:\/\/api.w.org\/{rel}","templated":true}]}}