{"id":1720,"date":"2025-02-06T13:15:21","date_gmt":"2025-02-06T13:15:21","guid":{"rendered":"https:\/\/www.calidus.ae\/aerospace-solutions\/"},"modified":"2025-08-27T07:31:51","modified_gmt":"2025-08-27T07:31:51","slug":"aerospace-solutions","status":"publish","type":"page","link":"https:\/\/www.calidus.ae\/fr\/aerospace-solutions\/","title":{"rendered":"Aerospace Solutions"},"content":{"rendered":"<div class=\"wpb-content-wrapper\"><p>[vc_row full_width=\u00a0\u00bbstretch_row\u00a0\u00bb full_height=\u00a0\u00bbyes\u00a0\u00bb awb_type=\u00a0\u00bbimage\u00a0\u00bb awb_image_background_position=\u00a0\u00bb50% 50%\u00a0\u00bb awb_color=\u00a0\u00bb#00000080&Prime; awb_image=\u00a0\u00bb605&Prime; el_id=\u00a0\u00bbaerospace-banner\u00a0\u00bb css=\u00a0\u00bb.vc_custom_1756279877132{margin-top: -31vh !important;}\u00a0\u00bb][vc_column][vc_custom_heading text=\u00a0\u00bbAcc\u00e9l\u00e9rer l\u2019Innovation A\u00e9rospatiale\u00a0\u00bb font_container=\u00a0\u00bbtag:h2|font_size:82px|text_align:center|color:%23FFFFFF|line_height:74px\u00a0\u00bb google_fonts=\u00a0\u00bbfont_family:Raleway%3A100%2C200%2C300%2Cregular%2C500%2C600%2C700%2C800%2C900|font_style:600%20bold%20regular%3A600%3Anormal\u00a0\u00bb css=\u00a0\u00bb\u00a0\u00bb][\/vc_column][\/vc_row][vc_row][vc_column][vc_empty_space height=\u00a0\u00bb4rem\u00a0\u00bb][vc_single_image image=\u00a0\u00bb2225&Prime; img_size=\u00a0\u00bbmedium\u00a0\u00bb alignment=\u00a0\u00bbcenter\u00a0\u00bb css=\u00a0\u00bb\u00a0\u00bb][vc_empty_space height=\u00a0\u00bb4rem\u00a0\u00bb][\/vc_column][\/vc_row][vc_row content_placement=\u00a0\u00bbtop\u00a0\u00bb el_class=\u00a0\u00bbthree-bi-two\u00a0\u00bb][vc_column][vc_empty_space][vc_row_inner content_placement=\u00a0\u00bbtop\u00a0\u00bb el_class=\u00a0\u00bbswap-on-mobile\u00a0\u00bb][vc_column_inner el_class=\u00a0\u00bbleft-side\u00a0\u00bb width=\u00a0\u00bb1\/2&Prime; css=\u00a0\u00bb.vc_custom_1738358524079{background-color: #FF000000 !important;}\u00a0\u00bb][vc_hoverbox primary_title=\u00a0\u00bbB-250&Prime; primary_align=\u00a0\u00bbleft\u00a0\u00bb hover_title=\u00a0\u00bbB-250&Prime; hover_align=\u00a0\u00bbleft\u00a0\u00bb hover_background_color=\u00a0\u00bbcustom\u00a0\u00bb align=\u00a0\u00bbleft\u00a0\u00bb css_animation=\u00a0\u00bbfadeIn\u00a0\u00bb reverse=\u00a0\u00bbtrue\u00a0\u00bb hover_custom_background=\u00a0\u00bb#EBEBEB0D\u00a0\u00bb css=\u00a0\u00bb.vc_custom_1744015766089{background-image: url(https:\/\/www.calidus.ae\/wp-content\/uploads\/2025\/02\/B-250.webp?id=1266) !important;background-position: center !important;background-repeat: no-repeat !important;background-size: cover !important;}\u00a0\u00bb]<\/p>\n<p style=\"text-align: left;\"><span style=\"font-weight: 400;\">Le CALIDUS B-250 est un avion d\u2019attaque l\u00e9ger multir\u00f4le con\u00e7u pour des missions de combat, y compris l\u2019appui a\u00e9rien rapproch\u00e9, les op\u00e9rations des forces sp\u00e9ciales, l\u2019ISR, la guerre asym\u00e9trique (COIN) et la formation des pilotes.<\/span><\/p>\n<p>[\/vc_hoverbox][vc_empty_space height=\u00a0\u00bb2rem\u00a0\u00bb][vc_hoverbox primary_title=\u00a0\u00bbWx-80&Prime; primary_align=\u00a0\u00bbleft\u00a0\u00bb hover_title=\u00a0\u00bbWx-80&Prime; hover_align=\u00a0\u00bbleft\u00a0\u00bb hover_background_color=\u00a0\u00bbcustom\u00a0\u00bb align=\u00a0\u00bbleft\u00a0\u00bb css_animation=\u00a0\u00bbfadeIn\u00a0\u00bb reverse=\u00a0\u00bbtrue\u00a0\u00bb hover_custom_background=\u00a0\u00bb#EBEBEB0D\u00a0\u00bb css=\u00a0\u00bb.vc_custom_1744015785754{background-image: url(https:\/\/www.calidus.ae\/wp-content\/uploads\/2025\/02\/Wx-80-1.webp?id=1309) !important;background-position: center !important;background-repeat: no-repeat !important;background-size: cover !important;}\u00a0\u00bb]<\/p>\n<p style=\"text-align: left;\"><span style=\"font-weight: 400;\">Le Wx-80 est un avion biplace monomoteur con\u00e7u pour la recherche m\u00e9t\u00e9orologique et l\u2019ensemencement des nuages. Il est \u00e9quip\u00e9 d\u2019un radar m\u00e9t\u00e9orologique avanc\u00e9, de capacit\u00e9s d\u2019ensemencement, de si\u00e8ges \u00e9jectables, d\u2019une verri\u00e8re r\u00e9sistante aux impacts d\u2019oiseaux et d\u2019un syst\u00e8me de contr\u00f4le environnemental.<\/span><\/p>\n<p>[\/vc_hoverbox][vc_empty_space height=\u00a0\u00bb1rem\u00a0\u00bb el_class=\u00a0\u00bbhide-on-desktop\u00a0\u00bb][vc_column_text css=\u00a0\u00bb.vc_custom_1744015860294{margin-bottom: 0px !important;margin-left: 8% !important;}\u00a0\u00bb el_class=\u00a0\u00bbtext-enlarge hide-on-desktop\u00a0\u00bb]<\/p>\n<p style=\"text-align: left;\">CALIDUS Aerospace d\u00e9veloppe des syst\u00e8mes a\u00e9riens capables d\u2019ex\u00e9cuter diverses missions avec une sup\u00e9riorit\u00e9 accrue, gr\u00e2ce \u00e0 des capacit\u00e9s avanc\u00e9es et des armes de haute pr\u00e9cision.<\/p>\n<p>[\/vc_column_text][vc_btn title=\u00a0\u00bbEN SAVOIR PLUS\u00a0\u00bb shape=\u00a0\u00bbround\u00a0\u00bb align=\u00a0\u00bbright\u00a0\u00bb i_align=\u00a0\u00bbright\u00a0\u00bb i_type=\u00a0\u00bbmaterial\u00a0\u00bb i_icon_material=\u00a0\u00bbvc-material vc-material-arrow_forward\u00a0\u00bb css=\u00a0\u00bb.vc_custom_1744288170940{margin-top: 2rem !important;}\u00a0\u00bb add_icon=\u00a0\u00bbtrue\u00a0\u00bb el_class=\u00a0\u00bbhide-on-desktop main-btn\u00a0\u00bb link=\u00a0\u00bburl:https%3A%2F%2Fwww.calidus.ae%2Ffr%2Fcontact-us%2F\u00a0\u00bb][\/vc_column_inner][vc_column_inner el_class=\u00a0\u00bbright-side\u00a0\u00bb width=\u00a0\u00bb1\/2&Prime; el_id=\u00a0\u00bbright-column\u00a0\u00bb][vc_empty_space height=\u00a0\u00bb15rem\u00a0\u00bb el_class=\u00a0\u00bbhide-on-mobile\u00a0\u00bb][vc_empty_space height=\u00a0\u00bb1rem\u00a0\u00bb el_class=\u00a0\u00bbhide-on-desktop\u00a0\u00bb][vc_hoverbox primary_title=\u00a0\u00bbB-250T\u00a0\u00bb primary_align=\u00a0\u00bbleft\u00a0\u00bb hover_title=\u00a0\u00bbB-250T\u00a0\u00bb hover_align=\u00a0\u00bbleft\u00a0\u00bb hover_background_color=\u00a0\u00bbcustom\u00a0\u00bb align=\u00a0\u00bbleft\u00a0\u00bb css_animation=\u00a0\u00bbfadeIn\u00a0\u00bb reverse=\u00a0\u00bbtrue\u00a0\u00bb hover_custom_background=\u00a0\u00bb#EBEBEB0D\u00a0\u00bb css=\u00a0\u00bb.vc_custom_1744015800925{background-image: url(https:\/\/www.calidus.ae\/wp-content\/uploads\/2025\/02\/B-250T-1.webp?id=1270) !important;background-position: center !important;background-repeat: no-repeat !important;background-size: cover !important;}\u00a0\u00bb]<\/p>\n<p style=\"text-align: left;\"><span style=\"font-weight: 400;\">Le B-250T est un avion d\u2019entra\u00eenement haute performance, dot\u00e9 d\u2019une structure en fibre de carbone, d\u2019une avionique avanc\u00e9e et d\u2019une maniabilit\u00e9 exceptionnelle, optimisant la formation et l\u2019endurance des pilotes.<\/span><\/p>\n<p>[\/vc_hoverbox][vc_empty_space height=\u00a0\u00bb5rem\u00a0\u00bb el_class=\u00a0\u00bbhide-on-mobile\u00a0\u00bb][vc_column_text css=\u00a0\u00bb.vc_custom_1744015826798{margin-bottom: 0px !important;margin-left: 8% !important;}\u00a0\u00bb el_class=\u00a0\u00bbtext-enlarge hide-on-mobile\u00a0\u00bb]<\/p>\n<p style=\"text-align: right;\">CALIDUS Aerospace d\u00e9veloppe des syst\u00e8mes a\u00e9riens capables d\u2019ex\u00e9cuter diverses missions avec une sup\u00e9riorit\u00e9 accrue, gr\u00e2ce \u00e0 des capacit\u00e9s avanc\u00e9es et des armes de haute pr\u00e9cision.<\/p>\n<p>[\/vc_column_text][vc_btn title=\u00a0\u00bbEN SAVOIR PLUS\u00a0\u00bb shape=\u00a0\u00bbround\u00a0\u00bb align=\u00a0\u00bbright\u00a0\u00bb i_align=\u00a0\u00bbright\u00a0\u00bb i_type=\u00a0\u00bbmaterial\u00a0\u00bb i_icon_material=\u00a0\u00bbvc-material vc-material-arrow_forward\u00a0\u00bb css=\u00a0\u00bb.vc_custom_1744288153757{margin-top: 2rem !important;}\u00a0\u00bb add_icon=\u00a0\u00bbtrue\u00a0\u00bb el_class=\u00a0\u00bbhide-on-mobile main-btn\u00a0\u00bb link=\u00a0\u00bburl:https%3A%2F%2Fwww.calidus.ae%2Ffr%2Fcontact-us%2F\u00a0\u00bb][\/vc_column_inner][\/vc_row_inner][vc_empty_space height=\u00a0\u00bb6rem\u00a0\u00bb][\/vc_column][\/vc_row][vc_row full_width=\u00a0\u00bbstretch_row\u00a0\u00bb full_height=\u00a0\u00bbyes\u00a0\u00bb css_animation=\u00a0\u00bbfadeIn\u00a0\u00bb awb_type=\u00a0\u00bbimage\u00a0\u00bb awb_image_background_position=\u00a0\u00bb50% 50%\u00a0\u00bb awb_color=\u00a0\u00bb#00000036&Prime; el_class=\u00a0\u00bbbg-parent-container\u00a0\u00bb awb_image=\u00a0\u00bb1690&Prime; el_id=\u00a0\u00bbfooter-bg\u00a0\u00bb css=\u00a0\u00bb.vc_custom_1756279907509{margin-bottom: -10vh !important;}\u00a0\u00bb][vc_column][vc_row_inner][vc_column_inner el_class=\u00a0\u00bbblock-1&Prime; width=\u00a0\u00bb1\/4&Prime;][\/vc_column_inner][vc_column_inner width=\u00a0\u00bb1\/2&Prime;][\/vc_column_inner][vc_column_inner el_class=\u00a0\u00bbblock-2&Prime; width=\u00a0\u00bb1\/4&Prime;][\/vc_column_inner][\/vc_row_inner][vc_row_inner][vc_column_inner el_class=\u00a0\u00bbtext-enlarge block-3&Prime; width=\u00a0\u00bb1\/4&Prime;][vc_column_text css=\u00a0\u00bb\u00a0\u00bb]Des Solutions<br \/>\nA\u00e9rospatiales<br \/>\nInnovantes[\/vc_column_text][\/vc_column_inner][vc_column_inner width=\u00a0\u00bb1\/2&Prime;][\/vc_column_inner][vc_column_inner el_class=\u00a0\u00bbblock-4&Prime; width=\u00a0\u00bb1\/4&Prime;][\/vc_column_inner][\/vc_row_inner][\/vc_column][\/vc_row]<\/p>\n<\/div>","protected":false},"excerpt":{"rendered":"<p>[vc_row full_width=\u00a0\u00bbstretch_row\u00a0\u00bb full_height=\u00a0\u00bbyes\u00a0\u00bb awb_type=\u00a0\u00bbimage\u00a0\u00bb awb_image_background_position=\u00a0\u00bb50% 50%\u00a0\u00bb awb_color=\u00a0\u00bb#00000080&Prime; awb_image=\u00a0\u00bb605&Prime; el_id=\u00a0\u00bbaerospace-banner\u00a0\u00bb css=\u00a0\u00bb.vc_custom_1756279877132{margin-top: -31vh !important;}\u00a0\u00bb][vc_column][vc_custom_heading text=\u00a0\u00bbAcc\u00e9l\u00e9rer l\u2019Innovation A\u00e9rospatiale\u00a0\u00bb font_container=\u00a0\u00bbtag:h2|font_size:82px|text_align:center|color:%23FFFFFF|line_height:74px\u00a0\u00bb google_fonts=\u00a0\u00bbfont_family:Raleway%3A100%2C200%2C300%2Cregular%2C500%2C600%2C700%2C800%2C900|font_style:600%20bold%20regular%3A600%3Anormal\u00a0\u00bb css=\u00a0\u00bb\u00a0\u00bb][\/vc_column][\/vc_row][vc_row][vc_column][vc_empty_space height=\u00a0\u00bb4rem\u00a0\u00bb][vc_single_image image=\u00a0\u00bb2225&Prime; img_size=\u00a0\u00bbmedium\u00a0\u00bb alignment=\u00a0\u00bbcenter\u00a0\u00bb css=\u00a0\u00bb\u00a0\u00bb][vc_empty_space height=\u00a0\u00bb4rem\u00a0\u00bb][\/vc_column][\/vc_row][vc_row content_placement=\u00a0\u00bbtop\u00a0\u00bb el_class=\u00a0\u00bbthree-bi-two\u00a0\u00bb][vc_column][vc_empty_space][vc_row_inner content_placement=\u00a0\u00bbtop\u00a0\u00bb el_class=\u00a0\u00bbswap-on-mobile\u00a0\u00bb][vc_column_inner el_class=\u00a0\u00bbleft-side\u00a0\u00bb width=\u00a0\u00bb1\/2&Prime; css=\u00a0\u00bb.vc_custom_1738358524079{background-color: #FF000000 !important;}\u00a0\u00bb][vc_hoverbox primary_title=\u00a0\u00bbB-250&Prime; primary_align=\u00a0\u00bbleft\u00a0\u00bb hover_title=\u00a0\u00bbB-250&Prime; hover_align=\u00a0\u00bbleft\u00a0\u00bb hover_background_color=\u00a0\u00bbcustom\u00a0\u00bb align=\u00a0\u00bbleft\u00a0\u00bb css_animation=\u00a0\u00bbfadeIn\u00a0\u00bb reverse=\u00a0\u00bbtrue\u00a0\u00bb hover_custom_background=\u00a0\u00bb#EBEBEB0D\u00a0\u00bb css=\u00a0\u00bb.vc_custom_1744015766089{background-image: url(https:\/\/www.calidus.ae\/wp-content\/uploads\/2025\/02\/B-250.webp?id=1266) !important;background-position: center !important;background-repeat: no-repeat !important;background-size: cover !important;}\u00a0\u00bb] Le CALIDUS B-250 est [&hellip;]<\/p>\n","protected":false},"author":1,"featured_media":0,"parent":0,"menu_order":0,"comment_status":"closed","ping_status":"closed","template":"","meta":{"_acf_changed":false,"inline_featured_image":false,"footnotes":""},"class_list":["post-1720","page","type-page","status-publish","hentry"],"acf":[],"_links":{"self":[{"href":"https:\/\/www.calidus.ae\/fr\/wp-json\/wp\/v2\/pages\/1720","targetHints":{"allow":["GET"]}}],"collection":[{"href":"https:\/\/www.calidus.ae\/fr\/wp-json\/wp\/v2\/pages"}],"about":[{"href":"https:\/\/www.calidus.ae\/fr\/wp-json\/wp\/v2\/types\/page"}],"author":[{"embeddable":true,"href":"https:\/\/www.calidus.ae\/fr\/wp-json\/wp\/v2\/users\/1"}],"replies":[{"embeddable":true,"href":"https:\/\/www.calidus.ae\/fr\/wp-json\/wp\/v2\/comments?post=1720"}],"version-history":[{"count":15,"href":"https:\/\/www.calidus.ae\/fr\/wp-json\/wp\/v2\/pages\/1720\/revisions"}],"predecessor-version":[{"id":2602,"href":"https:\/\/www.calidus.ae\/fr\/wp-json\/wp\/v2\/pages\/1720\/revisions\/2602"}],"wp:attachment":[{"href":"https:\/\/www.calidus.ae\/fr\/wp-json\/wp\/v2\/media?parent=1720"}],"curies":[{"name":"wp","href":"https:\/\/api.w.org\/{rel}","templated":true}]}}