{"id":1773,"date":"2025-02-07T07:20:35","date_gmt":"2025-02-07T07:20:35","guid":{"rendered":"https:\/\/www.calidus.ae\/missiles\/"},"modified":"2025-08-27T07:14:03","modified_gmt":"2025-08-27T07:14:03","slug":"missiles","status":"publish","type":"page","link":"https:\/\/www.calidus.ae\/fr\/missiles\/","title":{"rendered":"Missiles"},"content":{"rendered":"<div class=\"wpb-content-wrapper\"><p>[vc_row full_width=\u00a0\u00bbstretch_row\u00a0\u00bb full_height=\u00a0\u00bbyes\u00a0\u00bb awb_type=\u00a0\u00bbimage\u00a0\u00bb awb_image_background_position=\u00a0\u00bb50% 50%\u00a0\u00bb awb_color=\u00a0\u00bb#00000080&Prime; awb_image=\u00a0\u00bb629&Prime; el_id=\u00a0\u00bbmissile-banner\u00a0\u00bb css=\u00a0\u00bb.vc_custom_1756277213955{margin-top: -32vh !important;}\u00a0\u00bb][vc_column][vc_custom_heading text=\u00a0\u00bbFAIRE PROGRESSER LA TECHNOLOGIE DES MISSILES\u00a0\u00bb font_container=\u00a0\u00bbtag:h2|font_size:82px|text_align:center|color:%23FFFFFF\u00a0\u00bb google_fonts=\u00a0\u00bbfont_family:Raleway%3A100%2C200%2C300%2Cregular%2C500%2C600%2C700%2C800%2C900|font_style:600%20bold%20regular%3A600%3Anormal\u00a0\u00bb css=\u00a0\u00bb\u00a0\u00bb][\/vc_column][\/vc_row][vc_row][vc_column][vc_empty_space height=\u00a0\u00bb4rem\u00a0\u00bb][vc_single_image image=\u00a0\u00bb2231&Prime; img_size=\u00a0\u00bb480\u00d7261&Prime; alignment=\u00a0\u00bbcenter\u00a0\u00bb css=\u00a0\u00bb\u00a0\u00bb][vc_empty_space height=\u00a0\u00bb4rem\u00a0\u00bb][\/vc_column][\/vc_row][vc_row full_height=\u00a0\u00bbyes\u00a0\u00bb el_class=\u00a0\u00bbthree-bi-two\u00a0\u00bb][vc_column][vc_empty_space][vc_row_inner content_placement=\u00a0\u00bbmiddle\u00a0\u00bb el_class=\u00a0\u00bbswap-on-mobile\u00a0\u00bb][vc_column_inner el_class=\u00a0\u00bbleft-side\u00a0\u00bb width=\u00a0\u00bb1\/2&Prime; css=\u00a0\u00bb.vc_custom_1738358524079{background-color: #FF000000 !important;}\u00a0\u00bb][vc_hoverbox primary_title=\u00a0\u00bbALHEDA\u00a0\u00bb primary_align=\u00a0\u00bbleft\u00a0\u00bb hover_title=\u00a0\u00bbALHEDA\u00a0\u00bb hover_align=\u00a0\u00bbleft\u00a0\u00bb hover_background_color=\u00a0\u00bbcustom\u00a0\u00bb align=\u00a0\u00bbleft\u00a0\u00bb css_animation=\u00a0\u00bbfadeIn\u00a0\u00bb reverse=\u00a0\u00bbtrue\u00a0\u00bb hover_custom_background=\u00a0\u00bb#00000059&Prime; css=\u00a0\u00bb.vc_custom_1744023331484{background-image: url(https:\/\/www.calidus.ae\/wp-content\/uploads\/2025\/02\/missile.webp?id=855) !important;background-position: center !important;background-repeat: no-repeat !important;background-size: cover !important;}\u00a0\u00bb]<\/p>\n<p style=\"text-align: left;\">Le missile ALHEDA est une famille de missiles sol-sol \/ air-sol \u00e0 longue port\u00e9e et haute pr\u00e9cision, con\u00e7us pour cibler des menaces fixes et mobiles. Con\u00e7u et d\u00e9velopp\u00e9 aux \u00c9mirats arabes unis, l\u2019ALHEDA se d\u00e9cline en quatre variantes, diff\u00e9renci\u00e9es par leur type de capteur et de t\u00eate de guerre.<\/p>\n<p>[\/vc_hoverbox][vc_empty_space height=\u00a0\u00bb5rem\u00a0\u00bb][vc_empty_space height=\u00a0\u00bb40vh\u00a0\u00bb el_class=\u00a0\u00bbhide-on-desktop\u00a0\u00bb][vc_column_text css=\u00a0\u00bb.vc_custom_1744023204065{margin-bottom: 0px !important;margin-left: 8% !important;}\u00a0\u00bb el_class=\u00a0\u00bbtext-enlarge hide-on-desktop\u00a0\u00bb]<\/p>\n<p style=\"text-align: left;\">Calidus Missile and Defense Systems (MDS) int\u00e8gre des plateformes, des syst\u00e8mes de missiles et des lanceurs dans des \u00e9cosyst\u00e8mes pr\u00eats \u00e0 l\u2019emploi, offrant aux forces de d\u00e9fense des solutions sur mesure pour r\u00e9pondre aux exigences op\u00e9rationnelles vari\u00e9es des clients nationaux et internationaux.<\/p>\n<p>[\/vc_column_text][vc_btn title=\u00a0\u00bbEN SAVOIR PLUS\u00a0\u00bb shape=\u00a0\u00bbround\u00a0\u00bb align=\u00a0\u00bbleft\u00a0\u00bb i_align=\u00a0\u00bbright\u00a0\u00bb i_type=\u00a0\u00bbmaterial\u00a0\u00bb i_icon_material=\u00a0\u00bbvc-material vc-material-arrow_forward\u00a0\u00bb css=\u00a0\u00bb.vc_custom_1744288267865{margin-top: 2rem !important;}\u00a0\u00bb add_icon=\u00a0\u00bbtrue\u00a0\u00bb link=\u00a0\u00bburl:https%3A%2F%2Fwww.calidus.ae%2Ffr%2Fcontact-us%2F\u00a0\u00bb el_class=\u00a0\u00bbhide-on-desktop main-btn\u00a0\u00bb][\/vc_column_inner][vc_column_inner el_class=\u00a0\u00bbright-side\u00a0\u00bb width=\u00a0\u00bb1\/2&Prime; el_id=\u00a0\u00bbright-column\u00a0\u00bb][vc_empty_space height=\u00a0\u00bb5rem\u00a0\u00bb el_class=\u00a0\u00bbhide-on-mobile\u00a0\u00bb][vc_column_text css=\u00a0\u00bb.vc_custom_1744023197136{margin-bottom: 0px !important;margin-left: 8% !important;}\u00a0\u00bb el_class=\u00a0\u00bbtext-enlarge hide-on-mobile\u00a0\u00bb]<\/p>\n<p style=\"text-align: right;\">Calidus Missile and Defense Systems (MDS) int\u00e8gre des plateformes, des syst\u00e8mes de missiles et des lanceurs dans des \u00e9cosyst\u00e8mes pr\u00eats \u00e0 l\u2019emploi, offrant aux forces de d\u00e9fense des solutions sur mesure pour r\u00e9pondre aux exigences op\u00e9rationnelles vari\u00e9es des clients nationaux et internationaux.<\/p>\n<p>[\/vc_column_text][vc_btn title=\u00a0\u00bbEN SAVOIR PLUS\u00a0\u00bb shape=\u00a0\u00bbround\u00a0\u00bb align=\u00a0\u00bbright\u00a0\u00bb i_align=\u00a0\u00bbright\u00a0\u00bb i_type=\u00a0\u00bbmaterial\u00a0\u00bb i_icon_material=\u00a0\u00bbvc-material vc-material-arrow_forward\u00a0\u00bb css=\u00a0\u00bb.vc_custom_1744288238704{margin-top: 2rem !important;}\u00a0\u00bb add_icon=\u00a0\u00bbtrue\u00a0\u00bb link=\u00a0\u00bburl:https%3A%2F%2Fwww.calidus.ae%2Ffr%2Fcontact-us%2F\u00a0\u00bb el_class=\u00a0\u00bbhide-on-mobile main-btn\u00a0\u00bb][\/vc_column_inner][\/vc_row_inner][vc_empty_space height=\u00a0\u00bb6rem\u00a0\u00bb][\/vc_column][\/vc_row][vc_row full_width=\u00a0\u00bbstretch_row\u00a0\u00bb full_height=\u00a0\u00bbyes\u00a0\u00bb css_animation=\u00a0\u00bbfadeIn\u00a0\u00bb awb_type=\u00a0\u00bbimage\u00a0\u00bb awb_image_background_position=\u00a0\u00bb50% 50%\u00a0\u00bb awb_color=\u00a0\u00bb#00000057&Prime; el_class=\u00a0\u00bbbg-parent-container\u00a0\u00bb awb_image=\u00a0\u00bb1690&Prime; el_id=\u00a0\u00bbfooter-bg\u00a0\u00bb css=\u00a0\u00bb.vc_custom_1756277187892{margin-bottom: -12vh !important;}\u00a0\u00bb][vc_column][vc_row_inner][vc_column_inner el_class=\u00a0\u00bbblock-1&Prime; width=\u00a0\u00bb1\/4&Prime;][\/vc_column_inner][vc_column_inner width=\u00a0\u00bb1\/2&Prime;][\/vc_column_inner][vc_column_inner el_class=\u00a0\u00bbblock-2&Prime; width=\u00a0\u00bb1\/4&Prime;][\/vc_column_inner][\/vc_row_inner][vc_row_inner][vc_column_inner el_class=\u00a0\u00bbtext-enlarge block-3&Prime; width=\u00a0\u00bb1\/4&Prime;][vc_column_text css=\u00a0\u00bb\u00a0\u00bb]Syst\u00e8mes<br \/>\nDe Missiles<br \/>\nAvanc\u00e9s<br \/>\n[\/vc_column_text][\/vc_column_inner][vc_column_inner width=\u00a0\u00bb1\/2&Prime;][\/vc_column_inner][vc_column_inner el_class=\u00a0\u00bbblock-4&Prime; width=\u00a0\u00bb1\/4&Prime;][\/vc_column_inner][\/vc_row_inner][\/vc_column][\/vc_row]<\/p>\n<\/div>","protected":false},"excerpt":{"rendered":"<p>[vc_row full_width=\u00a0\u00bbstretch_row\u00a0\u00bb full_height=\u00a0\u00bbyes\u00a0\u00bb awb_type=\u00a0\u00bbimage\u00a0\u00bb awb_image_background_position=\u00a0\u00bb50% 50%\u00a0\u00bb awb_color=\u00a0\u00bb#00000080&Prime; awb_image=\u00a0\u00bb629&Prime; el_id=\u00a0\u00bbmissile-banner\u00a0\u00bb css=\u00a0\u00bb.vc_custom_1756277213955{margin-top: -32vh !important;}\u00a0\u00bb][vc_column][vc_custom_heading text=\u00a0\u00bbFAIRE PROGRESSER LA TECHNOLOGIE DES MISSILES\u00a0\u00bb font_container=\u00a0\u00bbtag:h2|font_size:82px|text_align:center|color:%23FFFFFF\u00a0\u00bb google_fonts=\u00a0\u00bbfont_family:Raleway%3A100%2C200%2C300%2Cregular%2C500%2C600%2C700%2C800%2C900|font_style:600%20bold%20regular%3A600%3Anormal\u00a0\u00bb css=\u00a0\u00bb\u00a0\u00bb][\/vc_column][\/vc_row][vc_row][vc_column][vc_empty_space height=\u00a0\u00bb4rem\u00a0\u00bb][vc_single_image image=\u00a0\u00bb2231&Prime; img_size=\u00a0\u00bb480\u00d7261&Prime; alignment=\u00a0\u00bbcenter\u00a0\u00bb css=\u00a0\u00bb\u00a0\u00bb][vc_empty_space height=\u00a0\u00bb4rem\u00a0\u00bb][\/vc_column][\/vc_row][vc_row full_height=\u00a0\u00bbyes\u00a0\u00bb el_class=\u00a0\u00bbthree-bi-two\u00a0\u00bb][vc_column][vc_empty_space][vc_row_inner content_placement=\u00a0\u00bbmiddle\u00a0\u00bb el_class=\u00a0\u00bbswap-on-mobile\u00a0\u00bb][vc_column_inner el_class=\u00a0\u00bbleft-side\u00a0\u00bb width=\u00a0\u00bb1\/2&Prime; css=\u00a0\u00bb.vc_custom_1738358524079{background-color: #FF000000 !important;}\u00a0\u00bb][vc_hoverbox primary_title=\u00a0\u00bbALHEDA\u00a0\u00bb primary_align=\u00a0\u00bbleft\u00a0\u00bb hover_title=\u00a0\u00bbALHEDA\u00a0\u00bb hover_align=\u00a0\u00bbleft\u00a0\u00bb hover_background_color=\u00a0\u00bbcustom\u00a0\u00bb align=\u00a0\u00bbleft\u00a0\u00bb css_animation=\u00a0\u00bbfadeIn\u00a0\u00bb reverse=\u00a0\u00bbtrue\u00a0\u00bb hover_custom_background=\u00a0\u00bb#00000059&Prime; css=\u00a0\u00bb.vc_custom_1744023331484{background-image: url(https:\/\/www.calidus.ae\/wp-content\/uploads\/2025\/02\/missile.webp?id=855) !important;background-position: center !important;background-repeat: no-repeat !important;background-size: cover !important;}\u00a0\u00bb] Le [&hellip;]<\/p>\n","protected":false},"author":1,"featured_media":0,"parent":0,"menu_order":0,"comment_status":"closed","ping_status":"closed","template":"","meta":{"_acf_changed":false,"inline_featured_image":false,"footnotes":""},"class_list":["post-1773","page","type-page","status-publish","hentry"],"acf":[],"_links":{"self":[{"href":"https:\/\/www.calidus.ae\/fr\/wp-json\/wp\/v2\/pages\/1773","targetHints":{"allow":["GET"]}}],"collection":[{"href":"https:\/\/www.calidus.ae\/fr\/wp-json\/wp\/v2\/pages"}],"about":[{"href":"https:\/\/www.calidus.ae\/fr\/wp-json\/wp\/v2\/types\/page"}],"author":[{"embeddable":true,"href":"https:\/\/www.calidus.ae\/fr\/wp-json\/wp\/v2\/users\/1"}],"replies":[{"embeddable":true,"href":"https:\/\/www.calidus.ae\/fr\/wp-json\/wp\/v2\/comments?post=1773"}],"version-history":[{"count":17,"href":"https:\/\/www.calidus.ae\/fr\/wp-json\/wp\/v2\/pages\/1773\/revisions"}],"predecessor-version":[{"id":2592,"href":"https:\/\/www.calidus.ae\/fr\/wp-json\/wp\/v2\/pages\/1773\/revisions\/2592"}],"wp:attachment":[{"href":"https:\/\/www.calidus.ae\/fr\/wp-json\/wp\/v2\/media?parent=1773"}],"curies":[{"name":"wp","href":"https:\/\/api.w.org\/{rel}","templated":true}]}}