{"id":1791,"date":"2025-02-04T10:35:10","date_gmt":"2025-02-04T10:35:10","guid":{"rendered":"https:\/\/www.calidus.ae\/careers\/"},"modified":"2025-08-26T11:16:29","modified_gmt":"2025-08-26T11:16:29","slug":"careers","status":"publish","type":"page","link":"https:\/\/www.calidus.ae\/fr\/careers\/","title":{"rendered":"Careers"},"content":{"rendered":"<div class=\"wpb-content-wrapper\"><p>[vc_row full_width=\u00a0\u00bbstretch_row\u00a0\u00bb full_height=\u00a0\u00bbyes\u00a0\u00bb css_animation=\u00a0\u00bbzoomIn\u00a0\u00bb awb_type=\u00a0\u00bbimage\u00a0\u00bb awb_image_background_position=\u00a0\u00bb50% 50%\u00a0\u00bb awb_color=\u00a0\u00bb#00000069&Prime; awb_image=\u00a0\u00bb1260&Prime; el_id=\u00a0\u00bbcareer-banner\u00a0\u00bb][vc_column][vc_custom_heading text=\u00a0\u00bbCONSTRUISEZ VOTRE AVENIR AVEC NOUS\u00a0\u00bb font_container=\u00a0\u00bbtag:h2|font_size:82px|text_align:center|color:%23FFFFFF\u00a0\u00bb google_fonts=\u00a0\u00bbfont_family:Raleway%3A100%2C200%2C300%2Cregular%2C500%2C600%2C700%2C800%2C900|font_style:600%20bold%20regular%3A600%3Anormal\u00a0\u00bb css=\u00a0\u00bb\u00a0\u00bb][\/vc_column][\/vc_row][vc_row full_height=\u00a0\u00bbyes\u00a0\u00bb content_placement=\u00a0\u00bbmiddle\u00a0\u00bb css_animation=\u00a0\u00bbfadeInLeft\u00a0\u00bb el_class=\u00a0\u00bbcustom-full-width text-enlarge intro-section\u00a0\u00bb][vc_column][vc_row_inner][vc_column_inner el_class=\u00a0\u00bbhide-on-mobile\u00a0\u00bb width=\u00a0\u00bb1\/6&Prime;][\/vc_column_inner][vc_column_inner el_class=\u00a0\u00bbtext-enlarge wrap-80&Prime; width=\u00a0\u00bb2\/3&Prime;][vc_single_image image=\u00a0\u00bb395&Prime; img_size=\u00a0\u00bbfull\u00a0\u00bb alignment=\u00a0\u00bbcenter\u00a0\u00bb css=\u00a0\u00bb\u00a0\u00bb el_class=\u00a0\u00bbbullet-xl\u00a0\u00bb][vc_column_text css=\u00a0\u00bb\u00a0\u00bb]<\/p>\n<p style=\"text-align: center;\">Rejoignez notre \u00e9quipe d&rsquo;ing\u00e9nieurs et de personnel d\u00e9vou\u00e9s, passionn\u00e9s par l&rsquo;innovation et l&rsquo;excellence.<\/p>\n<p>[\/vc_column_text][\/vc_column_inner][vc_column_inner el_class=\u00a0\u00bbhide-on-mobile\u00a0\u00bb width=\u00a0\u00bb1\/6&Prime;][\/vc_column_inner][\/vc_row_inner][\/vc_column][\/vc_row][vc_row full_height=\u00a0\u00bbyes\u00a0\u00bb equal_height=\u00a0\u00bbyes\u00a0\u00bb disable_element=\u00a0\u00bbyes\u00a0\u00bb css=\u00a0\u00bb.vc_custom_1738663486555{padding-top: 2rem !important;padding-bottom: 2rem !important;}\u00a0\u00bb][vc_column width=\u00a0\u00bb1\/2&Prime; el_class=\u00a0\u00bbitem-vertical-center remove-margin\u00a0\u00bb css=\u00a0\u00bb.vc_custom_1738479036094{margin-right: 8% !important;}\u00a0\u00bb][vc_custom_heading text=\u00a0\u00bbRegistration process\u00a0\u00bb font_container=\u00a0\u00bbtag:h2|font_size:2.625rem|text_align:left|line_height:2.9375rem\u00a0\u00bb use_theme_fonts=\u00a0\u00bbyes\u00a0\u00bb css=\u00a0\u00bb\u00a0\u00bb][vc_empty_space height=\u00a0\u00bb1.5rem\u00a0\u00bb el_class=\u00a0\u00bbtitle-para-space\u00a0\u00bb][\/vc_column][vc_column width=\u00a0\u00bb1\/2&Prime; el_class=\u00a0\u00bbcurved-video\u00a0\u00bb][vc_column_text css=\u00a0\u00bb.vc_custom_1738501253025{padding-top: 1rem !important;padding-right: 1rem !important;padding-bottom: 1rem !important;padding-left: 1rem !important;background-color: #D9D9D9 !important;}\u00a0\u00bb el_class=\u00a0\u00bbstep\u00a0\u00bb]<\/p>\n<p style=\"text-align: center;\">Join our team of dedicated engineers and staff who are passionate about innovation and excellence.<\/p>\n<p>[\/vc_column_text][vc_column_text css=\u00a0\u00bb.vc_custom_1738501261927{margin-bottom: 0px !important;padding-top: 1rem !important;padding-right: 1rem !important;padding-bottom: 1rem !important;padding-left: 1rem !important;background-color: #D9D9D9 !important;}\u00a0\u00bb el_class=\u00a0\u00bbstep\u00a0\u00bb]<\/p>\n<p style=\"text-align: center;\">Join our team of dedicated engineers and staff who are passionate about innovation and excellence.<\/p>\n<p>[\/vc_column_text][\/vc_column][\/vc_row][vc_row content_placement=\u00a0\u00bbmiddle\u00a0\u00bb css_animation=\u00a0\u00bbfadeInRight\u00a0\u00bb][vc_column][vc_row_inner content_placement=\u00a0\u00bbmiddle\u00a0\u00bb el_class=\u00a0\u00bbswap-on-mobile\u00a0\u00bb][vc_column_inner el_class=\u00a0\u00bbitem-vertical-top-img\u00a0\u00bb width=\u00a0\u00bb1\/2&Prime;][vc_custom_heading text=\u00a0\u00bbFaites Partie De CALIDUS\u00a0\u00bb font_container=\u00a0\u00bbtag:h2|font_size:2.625rem|text_align:left|line_height:2.9375rem\u00a0\u00bb use_theme_fonts=\u00a0\u00bbyes\u00a0\u00bb css=\u00a0\u00bb\u00a0\u00bb][vc_empty_space height=\u00a0\u00bb1.5rem\u00a0\u00bb el_class=\u00a0\u00bbtitle-para-space\u00a0\u00bb][vc_column_text css=\u00a0\u00bb\u00a0\u00bb]<\/p>\n<p style=\"text-align: left;\">Chez CALIDUS, nous nous engageons \u00e0 promouvoir des professionnels talentueux et \u00e0 cr\u00e9er des opportunit\u00e9s pour prosp\u00e9rer dans l&rsquo;industrie de la d\u00e9fense. Ensemble, nous construisons une main-d&rsquo;\u0153uvre autonome et innovante qui contribue \u00e0 la croissance et \u00e0 la s\u00e9curit\u00e9 du pays.<\/p>\n<p>[\/vc_column_text][\/vc_column_inner][vc_column_inner width=\u00a0\u00bb1\/2&Prime;][vc_single_image image=\u00a0\u00bb1258&Prime; img_size=\u00a0\u00bbfull\u00a0\u00bb alignment=\u00a0\u00bbcenter\u00a0\u00bb css=\u00a0\u00bb\u00a0\u00bb][\/vc_column_inner][\/vc_row_inner][vc_empty_space height=\u00a0\u00bb10rem\u00a0\u00bb el_class=\u00a0\u00bbhide-on-mobile\u00a0\u00bb][\/vc_column][\/vc_row][vc_row full_width=\u00a0\u00bbstretch_row\u00a0\u00bb css_animation=\u00a0\u00bbfadeIn\u00a0\u00bb el_id=\u00a0\u00bbcurrent-opp-bg\u00a0\u00bb el_class=\u00a0\u00bbopp-bg\u00a0\u00bb][vc_column width=\u00a0\u00bb1\/2&Prime;][vc_empty_space height=\u00a0\u00bb3rem\u00a0\u00bb el_class=\u00a0\u00bbhide-on-mobile\u00a0\u00bb][vc_custom_heading text=\u00a0\u00bbOpportunit\u00e9s Actuelles\u00a0\u00bb font_container=\u00a0\u00bbtag:h2|font_size:2.625rem|text_align:left|line_height:2.9375rem\u00a0\u00bb use_theme_fonts=\u00a0\u00bbyes\u00a0\u00bb css=\u00a0\u00bb\u00a0\u00bb][vc_empty_space height=\u00a0\u00bb1.5rem\u00a0\u00bb el_class=\u00a0\u00bbtitle-para-space\u00a0\u00bb][\/vc_column][vc_column width=\u00a0\u00bb1\/2&Prime;][vc_empty_space height=\u00a0\u00bb3rem\u00a0\u00bb el_class=\u00a0\u00bbhide-on-mobile\u00a0\u00bb][vc_row_inner el_class=\u00a0\u00bblist-of-opp\u00a0\u00bb][vc_column_inner width=\u00a0\u00bb2\/3&Prime;][vc_custom_heading text=\u00a0\u00bbIng\u00e9nieur Qualit\u00e9 Senior\u00a0\u00bb font_container=\u00a0\u00bbtag:h3|font_size:18px|text_align:left\u00a0\u00bb use_theme_fonts=\u00a0\u00bbyes\u00a0\u00bb css=\u00a0\u00bb\u00a0\u00bb][vc_column_text css=\u00a0\u00bb.vc_custom_1744092782323{margin-bottom: 0px !important;}\u00a0\u00bb]Sur site \u2013 Abu Dhabi \u2013 Temps plein[\/vc_column_text][\/vc_column_inner][vc_column_inner width=\u00a0\u00bb1\/3&Prime;][vc_icon type=\u00a0\u00bbtypicons\u00a0\u00bb icon_typicons=\u00a0\u00bbtypcn typcn-arrow-right\u00a0\u00bb color=\u00a0\u00bbblack\u00a0\u00bb background_style=\u00a0\u00bbrounded\u00a0\u00bb background_color=\u00a0\u00bbwhite\u00a0\u00bb align=\u00a0\u00bbcenter\u00a0\u00bb css=\u00a0\u00bb.vc_custom_1741760981193{margin-bottom: 0px !important;}\u00a0\u00bb el_class=\u00a0\u00bbpopmake-1567&Prime;][\/vc_column_inner][\/vc_row_inner][vc_row_inner el_class=\u00a0\u00bblist-of-opp\u00a0\u00bb][vc_column_inner width=\u00a0\u00bb2\/3&Prime;][vc_custom_heading text=\u00a0\u00bbIng\u00e9nieur de Production\u00a0\u00bb font_container=\u00a0\u00bbtag:h3|font_size:18px|text_align:left\u00a0\u00bb use_theme_fonts=\u00a0\u00bbyes\u00a0\u00bb css=\u00a0\u00bb\u00a0\u00bb][vc_column_text css=\u00a0\u00bb.vc_custom_1744092370515{margin-bottom: 0px !important;}\u00a0\u00bb]Sur site \u2013 Abu Dhabi \u2013 Temps plein[\/vc_column_text][\/vc_column_inner][vc_column_inner width=\u00a0\u00bb1\/3&Prime;][vc_icon type=\u00a0\u00bbtypicons\u00a0\u00bb icon_typicons=\u00a0\u00bbtypcn typcn-arrow-right\u00a0\u00bb color=\u00a0\u00bbblack\u00a0\u00bb background_style=\u00a0\u00bbrounded\u00a0\u00bb background_color=\u00a0\u00bbwhite\u00a0\u00bb align=\u00a0\u00bbcenter\u00a0\u00bb css=\u00a0\u00bb.vc_custom_1744110077357{margin-bottom: 0px !important;}\u00a0\u00bb el_class=\u00a0\u00bbpopmake-1846&Prime;][\/vc_column_inner][\/vc_row_inner][vc_row_inner el_class=\u00a0\u00bblist-of-opp\u00a0\u00bb][vc_column_inner width=\u00a0\u00bb2\/3&Prime;][vc_custom_heading text=\u00a0\u00bbSp\u00e9cialiste en S\u00e9curit\u00e9 et Sant\u00e9 Environnementale\u00a0\u00bb font_container=\u00a0\u00bbtag:h3|font_size:18px|text_align:left\u00a0\u00bb use_theme_fonts=\u00a0\u00bbyes\u00a0\u00bb css=\u00a0\u00bb\u00a0\u00bb][vc_column_text css=\u00a0\u00bb.vc_custom_1744092408924{margin-bottom: 0px !important;}\u00a0\u00bb]Sur site \u2013 Abu Dhabi \u2013 Temps plein[\/vc_column_text][\/vc_column_inner][vc_column_inner width=\u00a0\u00bb1\/3&Prime;][vc_icon type=\u00a0\u00bbtypicons\u00a0\u00bb icon_typicons=\u00a0\u00bbtypcn typcn-arrow-right\u00a0\u00bb color=\u00a0\u00bbblack\u00a0\u00bb background_style=\u00a0\u00bbrounded\u00a0\u00bb background_color=\u00a0\u00bbwhite\u00a0\u00bb align=\u00a0\u00bbcenter\u00a0\u00bb css=\u00a0\u00bb.vc_custom_1744110089657{margin-bottom: 0px !important;}\u00a0\u00bb el_class=\u00a0\u00bbpopmake-1843&Prime;][\/vc_column_inner][\/vc_row_inner][vc_row_inner el_class=\u00a0\u00bblist-of-opp\u00a0\u00bb][vc_column_inner width=\u00a0\u00bb2\/3&Prime;][vc_custom_heading text=\u00a0\u00bbResponsable des Op\u00e9rations\u00a0\u00bb font_container=\u00a0\u00bbtag:h3|font_size:18px|text_align:left\u00a0\u00bb use_theme_fonts=\u00a0\u00bbyes\u00a0\u00bb css=\u00a0\u00bb\u00a0\u00bb][vc_column_text css=\u00a0\u00bb.vc_custom_1744092555460{margin-bottom: 0px !important;}\u00a0\u00bb]Sur site \u2013 Abu Dhabi \u2013 Temps plein[\/vc_column_text][\/vc_column_inner][vc_column_inner width=\u00a0\u00bb1\/3&Prime;][vc_icon type=\u00a0\u00bbtypicons\u00a0\u00bb icon_typicons=\u00a0\u00bbtypcn typcn-arrow-right\u00a0\u00bb color=\u00a0\u00bbblack\u00a0\u00bb background_style=\u00a0\u00bbrounded\u00a0\u00bb background_color=\u00a0\u00bbwhite\u00a0\u00bb align=\u00a0\u00bbcenter\u00a0\u00bb css=\u00a0\u00bb.vc_custom_1744110100638{margin-bottom: 0px !important;}\u00a0\u00bb el_class=\u00a0\u00bbpopmake-1840&Prime;][\/vc_column_inner][\/vc_row_inner][vc_row_inner el_class=\u00a0\u00bblist-of-opp\u00a0\u00bb][vc_column_inner width=\u00a0\u00bb2\/3&Prime;][vc_custom_heading text=\u00a0\u00bbChef de Projet (\u00c9mirati)\u00a0\u00bb font_container=\u00a0\u00bbtag:h3|font_size:18px|text_align:left\u00a0\u00bb use_theme_fonts=\u00a0\u00bbyes\u00a0\u00bb css=\u00a0\u00bb\u00a0\u00bb][vc_column_text css=\u00a0\u00bb.vc_custom_1744092446971{margin-bottom: 0px !important;}\u00a0\u00bb]Sur site \u2013 Abu Dhabi \u2013 Temps plein[\/vc_column_text][\/vc_column_inner][vc_column_inner width=\u00a0\u00bb1\/3&Prime;][vc_icon type=\u00a0\u00bbtypicons\u00a0\u00bb icon_typicons=\u00a0\u00bbtypcn typcn-arrow-right\u00a0\u00bb color=\u00a0\u00bbblack\u00a0\u00bb background_style=\u00a0\u00bbrounded\u00a0\u00bb background_color=\u00a0\u00bbwhite\u00a0\u00bb align=\u00a0\u00bbcenter\u00a0\u00bb css=\u00a0\u00bb.vc_custom_1744110111482{margin-bottom: 0px !important;}\u00a0\u00bb el_class=\u00a0\u00bbpopmake-1837&Prime;][\/vc_column_inner][\/vc_row_inner][vc_row_inner el_class=\u00a0\u00bblist-of-opp\u00a0\u00bb][vc_column_inner width=\u00a0\u00bb2\/3&Prime;][vc_custom_heading text=\u00a0\u00bbIng\u00e9nieur de Conception Senior\u00a0\u00bb font_container=\u00a0\u00bbtag:h3|font_size:18px|text_align:left\u00a0\u00bb use_theme_fonts=\u00a0\u00bbyes\u00a0\u00bb css=\u00a0\u00bb\u00a0\u00bb][vc_column_text css=\u00a0\u00bb.vc_custom_1744092470972{margin-bottom: 0px !important;}\u00a0\u00bb]Sur site \u2013 Abu Dhabi \u2013 Temps plein[\/vc_column_text][\/vc_column_inner][vc_column_inner width=\u00a0\u00bb1\/3&Prime;][vc_icon type=\u00a0\u00bbtypicons\u00a0\u00bb icon_typicons=\u00a0\u00bbtypcn typcn-arrow-right\u00a0\u00bb color=\u00a0\u00bbblack\u00a0\u00bb background_style=\u00a0\u00bbrounded\u00a0\u00bb background_color=\u00a0\u00bbwhite\u00a0\u00bb align=\u00a0\u00bbcenter\u00a0\u00bb css=\u00a0\u00bb.vc_custom_1744110126161{margin-bottom: 0px !important;}\u00a0\u00bb el_class=\u00a0\u00bbpopmake-1833&Prime;][\/vc_column_inner][\/vc_row_inner][vc_row_inner el_class=\u00a0\u00bblist-of-opp\u00a0\u00bb][vc_column_inner width=\u00a0\u00bb2\/3&Prime;][vc_custom_heading text=\u00a0\u00bbIng\u00e9nieur de Conception\u00a0\u00bb font_container=\u00a0\u00bbtag:h3|font_size:18px|text_align:left\u00a0\u00bb use_theme_fonts=\u00a0\u00bbyes\u00a0\u00bb css=\u00a0\u00bb\u00a0\u00bb][vc_column_text css=\u00a0\u00bb.vc_custom_1744092590576{margin-bottom: 0px !important;}\u00a0\u00bb]Sur site \u2013 Abu Dhabi \u2013 Temps plein[\/vc_column_text][\/vc_column_inner][vc_column_inner width=\u00a0\u00bb1\/3&Prime;][vc_icon type=\u00a0\u00bbtypicons\u00a0\u00bb icon_typicons=\u00a0\u00bbtypcn typcn-arrow-right\u00a0\u00bb color=\u00a0\u00bbblack\u00a0\u00bb background_style=\u00a0\u00bbrounded\u00a0\u00bb background_color=\u00a0\u00bbwhite\u00a0\u00bb align=\u00a0\u00bbcenter\u00a0\u00bb css=\u00a0\u00bb.vc_custom_1744110139933{margin-bottom: 0px !important;}\u00a0\u00bb el_class=\u00a0\u00bbpopmake-1830&Prime;][\/vc_column_inner][\/vc_row_inner][vc_row_inner el_class=\u00a0\u00bblist-of-opp\u00a0\u00bb][vc_column_inner width=\u00a0\u00bb2\/3&Prime;][vc_custom_heading text=\u00a0\u00bbIng\u00e9nieur de Configuration\u00a0\u00bb font_container=\u00a0\u00bbtag:h3|font_size:18px|text_align:left\u00a0\u00bb use_theme_fonts=\u00a0\u00bbyes\u00a0\u00bb css=\u00a0\u00bb\u00a0\u00bb][vc_column_text css=\u00a0\u00bb.vc_custom_1744092612432{margin-bottom: 0px !important;}\u00a0\u00bb]Sur site \u2013 Abu Dhabi \u2013 Temps plein[\/vc_column_text][\/vc_column_inner][vc_column_inner width=\u00a0\u00bb1\/3&Prime;][vc_icon type=\u00a0\u00bbtypicons\u00a0\u00bb icon_typicons=\u00a0\u00bbtypcn typcn-arrow-right\u00a0\u00bb color=\u00a0\u00bbblack\u00a0\u00bb background_style=\u00a0\u00bbrounded\u00a0\u00bb background_color=\u00a0\u00bbwhite\u00a0\u00bb align=\u00a0\u00bbcenter\u00a0\u00bb css=\u00a0\u00bb.vc_custom_1744110150543{margin-bottom: 0px !important;}\u00a0\u00bb el_class=\u00a0\u00bbpopmake-1826&Prime;][\/vc_column_inner][\/vc_row_inner][vc_row_inner el_class=\u00a0\u00bblist-of-opp\u00a0\u00bb][vc_column_inner width=\u00a0\u00bb2\/3&Prime;][vc_custom_heading text=\u00a0\u00bbResponsable de la Gestion de Projet Fournisseur PMO\u00a0\u00bb font_container=\u00a0\u00bbtag:h3|font_size:18px|text_align:left\u00a0\u00bb use_theme_fonts=\u00a0\u00bbyes\u00a0\u00bb css=\u00a0\u00bb\u00a0\u00bb][vc_column_text css=\u00a0\u00bb.vc_custom_1744092641269{margin-bottom: 0px !important;}\u00a0\u00bb]Sur site \u2013 Abu Dhabi \u2013 Temps plein[\/vc_column_text][\/vc_column_inner][vc_column_inner width=\u00a0\u00bb1\/3&Prime;][vc_icon type=\u00a0\u00bbtypicons\u00a0\u00bb icon_typicons=\u00a0\u00bbtypcn typcn-arrow-right\u00a0\u00bb color=\u00a0\u00bbblack\u00a0\u00bb background_style=\u00a0\u00bbrounded\u00a0\u00bb background_color=\u00a0\u00bbwhite\u00a0\u00bb align=\u00a0\u00bbcenter\u00a0\u00bb css=\u00a0\u00bb.vc_custom_1744110214062{margin-bottom: 0px !important;}\u00a0\u00bb el_class=\u00a0\u00bbpopmake-1822&Prime;][\/vc_column_inner][\/vc_row_inner][vc_row_inner el_class=\u00a0\u00bblist-of-opp\u00a0\u00bb][vc_column_inner width=\u00a0\u00bb2\/3&Prime;][vc_custom_heading text=\u00a0\u00bbResponsable de l&rsquo;Ing\u00e9nierie et des Certifications PMO\u00a0\u00bb font_container=\u00a0\u00bbtag:h3|font_size:18px|text_align:left\u00a0\u00bb use_theme_fonts=\u00a0\u00bbyes\u00a0\u00bb css=\u00a0\u00bb\u00a0\u00bb][vc_column_text css=\u00a0\u00bb.vc_custom_1744092669529{margin-bottom: 0px !important;}\u00a0\u00bb]Sur site \u2013 Abu Dhabi \u2013 Temps plein[\/vc_column_text][\/vc_column_inner][vc_column_inner width=\u00a0\u00bb1\/3&Prime;][vc_icon type=\u00a0\u00bbtypicons\u00a0\u00bb icon_typicons=\u00a0\u00bbtypcn typcn-arrow-right\u00a0\u00bb color=\u00a0\u00bbblack\u00a0\u00bb background_style=\u00a0\u00bbrounded\u00a0\u00bb background_color=\u00a0\u00bbwhite\u00a0\u00bb align=\u00a0\u00bbcenter\u00a0\u00bb css=\u00a0\u00bb.vc_custom_1744110230005{margin-bottom: 0px !important;}\u00a0\u00bb el_class=\u00a0\u00bbpopmake-1816&Prime;][\/vc_column_inner][\/vc_row_inner][\/vc_column][\/vc_row][vc_row][vc_column][vc_empty_space height=\u00a0\u00bb10rem\u00a0\u00bb][\/vc_column][\/vc_row][vc_row full_width=\u00a0\u00bbstretch_row\u00a0\u00bb full_height=\u00a0\u00bbyes\u00a0\u00bb css_animation=\u00a0\u00bbfadeIn\u00a0\u00bb awb_type=\u00a0\u00bbimage\u00a0\u00bb awb_image_background_position=\u00a0\u00bb50% 50%\u00a0\u00bb awb_color=\u00a0\u00bb#0000004A\u00a0\u00bb el_class=\u00a0\u00bbbg-parent-container\u00a0\u00bb awb_image=\u00a0\u00bb487&Prime; el_id=\u00a0\u00bbfooter-bg\u00a0\u00bb][vc_column][vc_row_inner][vc_column_inner el_class=\u00a0\u00bbblock-1&Prime; width=\u00a0\u00bb1\/4&Prime;][\/vc_column_inner][vc_column_inner width=\u00a0\u00bb1\/2&Prime;][\/vc_column_inner][vc_column_inner el_class=\u00a0\u00bbblock-2&Prime; width=\u00a0\u00bb1\/4&Prime;][\/vc_column_inner][\/vc_row_inner][vc_row_inner][vc_column_inner el_class=\u00a0\u00bbtext-enlarge block-3&Prime; width=\u00a0\u00bb1\/4&Prime;][vc_column_text css=\u00a0\u00bb\u00a0\u00bb]Construisez<br \/>\nVotre Carri\u00e8re<br \/>\nAvec Calidus[\/vc_column_text][\/vc_column_inner][vc_column_inner width=\u00a0\u00bb1\/2&Prime;][\/vc_column_inner][vc_column_inner el_class=\u00a0\u00bbblock-4&Prime; width=\u00a0\u00bb1\/4&Prime;][\/vc_column_inner][\/vc_row_inner][\/vc_column][\/vc_row]<\/p>\n<\/div>","protected":false},"excerpt":{"rendered":"<p>[vc_row full_width=\u00a0\u00bbstretch_row\u00a0\u00bb full_height=\u00a0\u00bbyes\u00a0\u00bb css_animation=\u00a0\u00bbzoomIn\u00a0\u00bb awb_type=\u00a0\u00bbimage\u00a0\u00bb awb_image_background_position=\u00a0\u00bb50% 50%\u00a0\u00bb awb_color=\u00a0\u00bb#00000069&Prime; awb_image=\u00a0\u00bb1260&Prime; el_id=\u00a0\u00bbcareer-banner\u00a0\u00bb][vc_column][vc_custom_heading text=\u00a0\u00bbCONSTRUISEZ VOTRE AVENIR AVEC NOUS\u00a0\u00bb font_container=\u00a0\u00bbtag:h2|font_size:82px|text_align:center|color:%23FFFFFF\u00a0\u00bb google_fonts=\u00a0\u00bbfont_family:Raleway%3A100%2C200%2C300%2Cregular%2C500%2C600%2C700%2C800%2C900|font_style:600%20bold%20regular%3A600%3Anormal\u00a0\u00bb css=\u00a0\u00bb\u00a0\u00bb][\/vc_column][\/vc_row][vc_row full_height=\u00a0\u00bbyes\u00a0\u00bb content_placement=\u00a0\u00bbmiddle\u00a0\u00bb css_animation=\u00a0\u00bbfadeInLeft\u00a0\u00bb el_class=\u00a0\u00bbcustom-full-width text-enlarge intro-section\u00a0\u00bb][vc_column][vc_row_inner][vc_column_inner el_class=\u00a0\u00bbhide-on-mobile\u00a0\u00bb width=\u00a0\u00bb1\/6&Prime;][\/vc_column_inner][vc_column_inner el_class=\u00a0\u00bbtext-enlarge wrap-80&Prime; width=\u00a0\u00bb2\/3&Prime;][vc_single_image image=\u00a0\u00bb395&Prime; img_size=\u00a0\u00bbfull\u00a0\u00bb alignment=\u00a0\u00bbcenter\u00a0\u00bb css=\u00a0\u00bb\u00a0\u00bb el_class=\u00a0\u00bbbullet-xl\u00a0\u00bb][vc_column_text css=\u00a0\u00bb\u00a0\u00bb] Rejoignez notre \u00e9quipe d&rsquo;ing\u00e9nieurs et de personnel d\u00e9vou\u00e9s, passionn\u00e9s par l&rsquo;innovation et l&rsquo;excellence. [\/vc_column_text][\/vc_column_inner][vc_column_inner el_class=\u00a0\u00bbhide-on-mobile\u00a0\u00bb width=\u00a0\u00bb1\/6&Prime;][\/vc_column_inner][\/vc_row_inner][\/vc_column][\/vc_row][vc_row full_height=\u00a0\u00bbyes\u00a0\u00bb equal_height=\u00a0\u00bbyes\u00a0\u00bb disable_element=\u00a0\u00bbyes\u00a0\u00bb css=\u00a0\u00bb.vc_custom_1738663486555{padding-top: [&hellip;]<\/p>\n","protected":false},"author":1,"featured_media":0,"parent":0,"menu_order":0,"comment_status":"closed","ping_status":"closed","template":"","meta":{"_acf_changed":false,"inline_featured_image":false,"footnotes":""},"class_list":["post-1791","page","type-page","status-publish","hentry"],"acf":[],"_links":{"self":[{"href":"https:\/\/www.calidus.ae\/fr\/wp-json\/wp\/v2\/pages\/1791","targetHints":{"allow":["GET"]}}],"collection":[{"href":"https:\/\/www.calidus.ae\/fr\/wp-json\/wp\/v2\/pages"}],"about":[{"href":"https:\/\/www.calidus.ae\/fr\/wp-json\/wp\/v2\/types\/page"}],"author":[{"embeddable":true,"href":"https:\/\/www.calidus.ae\/fr\/wp-json\/wp\/v2\/users\/1"}],"replies":[{"embeddable":true,"href":"https:\/\/www.calidus.ae\/fr\/wp-json\/wp\/v2\/comments?post=1791"}],"version-history":[{"count":13,"href":"https:\/\/www.calidus.ae\/fr\/wp-json\/wp\/v2\/pages\/1791\/revisions"}],"predecessor-version":[{"id":2549,"href":"https:\/\/www.calidus.ae\/fr\/wp-json\/wp\/v2\/pages\/1791\/revisions\/2549"}],"wp:attachment":[{"href":"https:\/\/www.calidus.ae\/fr\/wp-json\/wp\/v2\/media?parent=1791"}],"curies":[{"name":"wp","href":"https:\/\/api.w.org\/{rel}","templated":true}]}}